{"id":4117,"date":"2016-12-28T14:56:27","date_gmt":"2016-12-28T13:56:27","guid":{"rendered":"http:\/\/www.iff-ma.com\/training-courses\/"},"modified":"2025-11-21T17:15:12","modified_gmt":"2025-11-21T16:15:12","slug":"formations-2","status":"publish","type":"page","link":"https:\/\/www.iff-ma.com\/en\/formations-2\/","title":{"rendered":"Formations"},"content":{"rendered":"<p><strong>Vous trouverez ci-apr\u00e8s la liste de toutes nos formations :<\/strong><\/p>\n<ul class=\"child-sidebar-menu\">\n<li class=\"page_item page-item-195\"><a href=\"http:\/\/www.iff-ma.com\/?page_id=195\">Commercial, service aux voyageurs<\/a><\/li>\n<li class=\"page_item page-item-202\"><a href=\"http:\/\/www.iff-ma.com\/?page_id=202\">Fret- Logistique<\/a><\/li>\n<li class=\"page_item page-item-212\"><a href=\"http:\/\/www.iff-ma.com\/?page_id=212\">B\u00e2timent, gares et patrimoine<\/a><\/li>\n<li class=\"page_item page-item-222\"><a href=\"http:\/\/www.iff-ma.com\/?page_id=222\">Mat\u00e9riel roulant<\/a><\/li>\n<li class=\"page_item page-item-223\"><a href=\"http:\/\/www.iff-ma.com\/?page_id=223\">Traction \u2013 conduite<\/a><\/li>\n<li class=\"page_item page-item-243\"><a href=\"http:\/\/www.iff-ma.com\/?page_id=243\">Infrastructure maintenance et travaux<\/a><\/li>\n<li class=\"page_item page-item-245\"><a href=\"http:\/\/www.iff-ma.com\/?page_id=245\">Infrastructure circulation<\/a><\/li>\n<li class=\"page_item page-item-247\"><a href=\"http:\/\/www.iff-ma.com\/?page_id=247\">Management de projet<\/a><\/li>\n<li class=\"page_item page-item-249\"><a href=\"http:\/\/www.iff-ma.com\/?page_id=249\">Formations transverses<\/a><\/li>\n<li><a href=\"https:\/\/www.iff-ma.com\/formations\/transport-urbain\/\">Transport urbain\u00a0<\/a><\/li>\n<\/ul>\n","protected":false},"excerpt":{"rendered":"<p>Vous trouverez ci-apr\u00e8s la liste de toutes nos formations : Commercial, service aux voyageurs Fret- Logistique B\u00e2timent, gares et patrimoine Mat\u00e9riel roulant Traction \u2013 conduite Infrastructure maintenance et travaux Infrastructure circulation Management de projet Formations transverses Transport urbain\u00a0<\/p>\n","protected":false},"author":3,"featured_media":0,"parent":0,"menu_order":0,"comment_status":"closed","ping_status":"closed","template":"page-templates\/template-left-sidebar.php","meta":{"footnotes":""},"yst_prominent_words":[4170],"class_list":["post-4117","page","type-page","status-publish","hentry"],"aioseo_notices":[],"_links":{"self":[{"href":"https:\/\/www.iff-ma.com\/en\/wp-json\/wp\/v2\/pages\/4117","targetHints":{"allow":["GET"]}}],"collection":[{"href":"https:\/\/www.iff-ma.com\/en\/wp-json\/wp\/v2\/pages"}],"about":[{"href":"https:\/\/www.iff-ma.com\/en\/wp-json\/wp\/v2\/types\/page"}],"author":[{"embeddable":true,"href":"https:\/\/www.iff-ma.com\/en\/wp-json\/wp\/v2\/users\/3"}],"replies":[{"embeddable":true,"href":"https:\/\/www.iff-ma.com\/en\/wp-json\/wp\/v2\/comments?post=4117"}],"version-history":[{"count":2,"href":"https:\/\/www.iff-ma.com\/en\/wp-json\/wp\/v2\/pages\/4117\/revisions"}],"predecessor-version":[{"id":10457,"href":"https:\/\/www.iff-ma.com\/en\/wp-json\/wp\/v2\/pages\/4117\/revisions\/10457"}],"wp:attachment":[{"href":"https:\/\/www.iff-ma.com\/en\/wp-json\/wp\/v2\/media?parent=4117"}],"wp:term":[{"taxonomy":"yst_prominent_words","embeddable":true,"href":"https:\/\/www.iff-ma.com\/en\/wp-json\/wp\/v2\/yst_prominent_words?post=4117"}],"curies":[{"name":"wp","href":"https:\/\/api.w.org\/{rel}","templated":true}]}}