{"id":4018,"date":"2020-06-07T23:45:57","date_gmt":"2020-06-07T21:45:57","guid":{"rendered":"http:\/\/www.iff-ma.com\/ressources-pedagogiques-3\/"},"modified":"2020-06-07T23:56:35","modified_gmt":"2020-06-07T21:56:35","slug":"educational-resources","status":"publish","type":"page","link":"https:\/\/www.iff-ma.com\/en\/educational-resources\/","title":{"rendered":"educational resources"},"content":{"rendered":"<ul class=\"child-sidebar-menu\">\n<li class=\"page_item page-item-179\"><a href=\"http:\/\/www.iff-ma.com\/?page_id=179\">Capital humain<\/a><\/li>\n<li class=\"page_item page-item-183\"><a href=\"http:\/\/www.iff-ma.com\/?page_id=183\">Moyens p\u00e9dagogiques<\/a><\/li>\n<li class=\"page_item page-item-187\"><a href=\"http:\/\/www.iff-ma.com\/?page_id=187\">Ing\u00e9nierie p\u00e9dagogique<\/a><\/li>\n<\/ul>\n","protected":false},"excerpt":{"rendered":"<p>Capital humain Moyens p\u00e9dagogiques Ing\u00e9nierie p\u00e9dagogique<\/p>\n","protected":false},"author":3,"featured_media":0,"parent":0,"menu_order":0,"comment_status":"closed","ping_status":"closed","template":"page-templates\/template-left-sidebar.php","meta":{"footnotes":""},"yst_prominent_words":[],"class_list":["post-4018","page","type-page","status-publish","hentry"],"aioseo_notices":[],"_links":{"self":[{"href":"https:\/\/www.iff-ma.com\/en\/wp-json\/wp\/v2\/pages\/4018","targetHints":{"allow":["GET"]}}],"collection":[{"href":"https:\/\/www.iff-ma.com\/en\/wp-json\/wp\/v2\/pages"}],"about":[{"href":"https:\/\/www.iff-ma.com\/en\/wp-json\/wp\/v2\/types\/page"}],"author":[{"embeddable":true,"href":"https:\/\/www.iff-ma.com\/en\/wp-json\/wp\/v2\/users\/3"}],"replies":[{"embeddable":true,"href":"https:\/\/www.iff-ma.com\/en\/wp-json\/wp\/v2\/comments?post=4018"}],"version-history":[{"count":1,"href":"https:\/\/www.iff-ma.com\/en\/wp-json\/wp\/v2\/pages\/4018\/revisions"}],"predecessor-version":[{"id":4024,"href":"https:\/\/www.iff-ma.com\/en\/wp-json\/wp\/v2\/pages\/4018\/revisions\/4024"}],"wp:attachment":[{"href":"https:\/\/www.iff-ma.com\/en\/wp-json\/wp\/v2\/media?parent=4018"}],"wp:term":[{"taxonomy":"yst_prominent_words","embeddable":true,"href":"https:\/\/www.iff-ma.com\/en\/wp-json\/wp\/v2\/yst_prominent_words?post=4018"}],"curies":[{"name":"wp","href":"https:\/\/api.w.org\/{rel}","templated":true}]}}