{"id":3886,"date":"2016-12-28T15:46:25","date_gmt":"2016-12-28T14:46:25","guid":{"rendered":"http:\/\/www.iff-ma.com\/realisations-2016-2\/"},"modified":"2016-12-28T15:46:25","modified_gmt":"2016-12-28T14:46:25","slug":"realisations-2016","status":"publish","type":"page","link":"https:\/\/www.iff-ma.com\/en\/realisations-2016\/","title":{"rendered":"R\u00e9alisations 2016"},"content":{"rendered":"<table style=\"width: 721px;\">\n<tbody>\n<tr>\n<td style=\"width: 378.383px;\"><span style=\"font-size: 18px;\"><strong>Au 31 d\u00e9cembre 2016 <\/strong><\/span><\/p>\n<p>\u2022 Volume 2016 : <strong>20610<\/strong> journ\u00e9es de formation<br \/>\n\u2022 <strong>279<\/strong> sessions ont \u00e9t\u00e9 tenues dont 52% mixtes ONCF et SNCF<br \/>\n\u2022 <strong>64<\/strong> modules de formation dispens\u00e9s dont 18 qui sont nouveaux<br \/>\n\u2022 Environ <strong>5045<\/strong> stagiaires en 2016, dont environ <strong>1737<\/strong> stagiaires SNCF<\/td>\n<td style=\"width: 335.617px;\"><img loading=\"lazy\" decoding=\"async\" width=\"233\" height=\"229\" class=\"size-full wp-image-688 aligncenter\" src=\"http:\/\/www.iff-ma.com\/wp-content\/uploads\/2016\/12\/rea-2016.png\" alt=\"\" srcset=\"https:\/\/www.iff-ma.com\/wp-content\/uploads\/2016\/12\/rea-2016.png 233w, https:\/\/www.iff-ma.com\/wp-content\/uploads\/2016\/12\/rea-2016-100x98.png 100w, https:\/\/www.iff-ma.com\/wp-content\/uploads\/2016\/12\/rea-2016-75x75.png 75w, https:\/\/www.iff-ma.com\/wp-content\/uploads\/2016\/12\/rea-2016-56x56.png 56w, https:\/\/www.iff-ma.com\/wp-content\/uploads\/2016\/12\/rea-2016-69x69.png 69w\" sizes=\"auto, (max-width: 233px) 100vw, 233px\" \/><\/td>\n<\/tr>\n<\/tbody>\n<\/table>\n<table style=\"width: 721px;\">\n<tbody>\n<tr>\n<td style=\"width: 100%;\"><span style=\"font-size: 14pt;\"><strong style=\"color: #000;\">Satisfaction<\/strong><\/span><br \/>\n<img loading=\"lazy\" decoding=\"async\" width=\"917\" height=\"357\" class=\"alignnone size-full wp-image-1201\" src=\"http:\/\/www.iff-ma.com\/wp-content\/uploads\/2016\/12\/rea2016.jpg\" alt=\"\" srcset=\"https:\/\/www.iff-ma.com\/wp-content\/uploads\/2016\/12\/rea2016.jpg 917w, https:\/\/www.iff-ma.com\/wp-content\/uploads\/2016\/12\/rea2016-300x117.jpg 300w, https:\/\/www.iff-ma.com\/wp-content\/uploads\/2016\/12\/rea2016-768x299.jpg 768w, https:\/\/www.iff-ma.com\/wp-content\/uploads\/2016\/12\/rea2016-100x39.jpg 100w\" sizes=\"auto, (max-width: 917px) 100vw, 917px\" \/><\/td>\n<\/tr>\n<tr>\n<td style=\"width: 100%; color: #000;\">&nbsp;<\/p>\n<p><span style=\"font-size: 14pt;\"><strong>Pr\u00e9visions 2017<\/strong><strong><br \/>\n<\/strong><\/span><\/p>\n<p>\u2022 31134 Journ\u00e9es de formation pr\u00e9vues pour 2017 ce qui repr\u00e9sente une augmentation de 30% compar\u00e9 \u00e0 2016.<br \/>\n\u2022 108 modules de formation dont 35 LGV<strong>&nbsp;<\/strong><\/td>\n<\/tr>\n<\/tbody>\n<\/table>\n","protected":false},"excerpt":{"rendered":"<p>Au 31 d\u00e9cembre 2016 \u2022 Volume 2016 : 20610 journ\u00e9es de formation \u2022 279 sessions ont \u00e9t\u00e9 tenues dont 52% mixtes ONCF et SNCF \u2022 64 modules de formation dispens\u00e9s dont 18 qui sont nouveaux \u2022 Environ 5045 stagiaires en 2016, dont environ 1737 stagiaires SNCF Satisfaction &nbsp; Pr\u00e9visions 2017 \u2022 31134 Journ\u00e9es de formation<\/p>\n","protected":false},"author":3,"featured_media":0,"parent":0,"menu_order":3,"comment_status":"closed","ping_status":"closed","template":"page-templates\/template-left-sidebar-realisation.php","meta":{"footnotes":""},"yst_prominent_words":[],"class_list":["post-3886","page","type-page","status-publish","hentry"],"aioseo_notices":[],"_links":{"self":[{"href":"https:\/\/www.iff-ma.com\/en\/wp-json\/wp\/v2\/pages\/3886","targetHints":{"allow":["GET"]}}],"collection":[{"href":"https:\/\/www.iff-ma.com\/en\/wp-json\/wp\/v2\/pages"}],"about":[{"href":"https:\/\/www.iff-ma.com\/en\/wp-json\/wp\/v2\/types\/page"}],"author":[{"embeddable":true,"href":"https:\/\/www.iff-ma.com\/en\/wp-json\/wp\/v2\/users\/3"}],"replies":[{"embeddable":true,"href":"https:\/\/www.iff-ma.com\/en\/wp-json\/wp\/v2\/comments?post=3886"}],"version-history":[{"count":0,"href":"https:\/\/www.iff-ma.com\/en\/wp-json\/wp\/v2\/pages\/3886\/revisions"}],"wp:attachment":[{"href":"https:\/\/www.iff-ma.com\/en\/wp-json\/wp\/v2\/media?parent=3886"}],"wp:term":[{"taxonomy":"yst_prominent_words","embeddable":true,"href":"https:\/\/www.iff-ma.com\/en\/wp-json\/wp\/v2\/yst_prominent_words?post=3886"}],"curies":[{"name":"wp","href":"https:\/\/api.w.org\/{rel}","templated":true}]}}