{"id":3797,"date":"2016-12-28T17:00:34","date_gmt":"2016-12-28T16:00:34","guid":{"rendered":"http:\/\/www.iff-ma.com\/cross-training\/"},"modified":"2026-03-21T15:37:07","modified_gmt":"2026-03-21T14:37:07","slug":"formations-transverses","status":"publish","type":"page","link":"https:\/\/www.iff-ma.com\/en\/formations-2\/formations-transverses\/","title":{"rendered":"Formations transverses"},"content":{"rendered":"<p>Les formations transverses permettent aux stagiaires de manager individuellement leurs collaborateurs (feedback, \u00e9coute, motivation\u2026), d\u2019animer et diriger leurs \u00e9quipes (choix des priorit\u00e9s, coop\u00e9ration, r\u00e9unions, n\u00e9gociations\u2026), \u00eatre un relais entre la direction et les agents (communication de la strat\u00e9gie\u2026), g\u00e9rer les situations difficiles (recadrage, stress, conflits\u2026) mais aussi clarifier et affermir sa position de manager au sein de son environnement ou bien m\u00eame comprendre et utiliser les outils de management visuel.<\/p>\n<p>Une d\u00e9marche p\u00e9dagogique innovante de type Blended Learning sera mis en \u0153uvre \u00e0 travers des modules digitaux, en classe et des micro modules digitaux favorisant l\u2019ancrage apr\u00e8s la formation.<\/p>\n\n\n<figure class=\"wp-block-image size-large\"><a href=\"http:\/\/www.iff-ma.com\/wp-content\/uploads\/2020\/05\/Sans-titre-e1589328041927.png\" rel=\"prettyphoto\"><img loading=\"lazy\" decoding=\"async\" width=\"1024\" height=\"535\" src=\"http:\/\/www.iff-ma.com\/wp-content\/uploads\/2020\/05\/Sans-titre-e1589327522701-1024x535.png\" alt=\"\" class=\"wp-image-2881\"\/><\/a><\/figure>\n\n\n\n\n\n\n\n<p><\/p>\n\n\n\n<h2 class=\"wp-block-heading\"><strong><strong>Les fiches de formation<\/strong><\/strong><\/h2>\n\n\n\n<p><\/p>\n\n\n\n<h3 class=\"wp-block-heading\">1. <strong>Formation&nbsp;manag\u00e9riale<\/strong><\/h3>\n\n\n\n<figure class=\"wp-block-table\"><table><tbody><tr><td width=\"100\">IFF TV 103<\/td><td>Dimensions Chef d\u2019\u00e9quipe<\/td><td width=\"100\"><a rel=\"noreferrer noopener\" href=\"http:\/\/www.iff-ma.com\/wp-content\/uploads\/2020\/05\/TV103.pdf\" target=\"_blank\">Voir la fiche<\/a><\/td><\/tr><tr><td>IFF TV 10<\/td><td>Dimension Manager<\/td><td><a rel=\"noreferrer noopener\" href=\"http:\/\/www.iff-ma.com\/wp-content\/uploads\/2020\/05\/TV10.pdf\" target=\"_blank\">Voir la fiche<\/a><\/td><\/tr><tr><td>IFF TV 101<\/td><td>De Manager \u00e0 Leader<\/td><td><a rel=\"noreferrer noopener\" href=\"http:\/\/www.iff-ma.com\/wp-content\/uploads\/2020\/05\/TV101.pdf\" target=\"_blank\">Voir la fiche<\/a><\/td><\/tr><\/tbody><\/table><\/figure>\n\n\n\n<figure class=\"wp-block-table\"><table><tbody><tr><td width=\"100\">IFF TV 11<\/td><td>Dimensions Leadership<\/td><td width=\"100\"><a rel=\"noreferrer noopener\" href=\"http:\/\/www.iff-ma.com\/wp-content\/uploads\/2020\/05\/TV11.pdf\" target=\"_blank\">Voir la fiche<\/a><\/td><\/tr><tr><td>IFF TV 15<\/td><td>Communiquer avec impact<\/td><td><a rel=\"noreferrer noopener\" href=\"http:\/\/www.iff-ma.com\/wp-content\/uploads\/2020\/05\/TV15.pdf\" target=\"_blank\">Voir la fiche<\/a><\/td><\/tr><tr><td>IFF TV 16<\/td><td>Manager ses relations professionnelles, m\u00eame les relations difficiles<\/td><td><a rel=\"noreferrer noopener\" href=\"https:\/\/www.iff-ma.com\/wp-content\/uploads\/2020\/07\/IFF-TV16.pdf\" target=\"_blank\">Voir la fiche<\/a><\/td><\/tr><tr><td>IFF TV 07<\/td><td>Learning Expedition<\/td><td><a rel=\"noreferrer noopener\" href=\"https:\/\/www.iff-ma.com\/en\/tv07-2\/\" target=\"_blank\">Voir la fiche<\/a><\/td><\/tr><tr><td>IFF TV 07 BIS<\/td><td>Learning expedition train grande vitesse <\/td><td><a rel=\"noreferrer noopener\" href=\"https:\/\/www.iff-ma.com\/wp-content\/uploads\/2024\/01\/TV07BIS.pdf\">Voir la fiche<\/a><\/td><\/tr><tr><td>IFF TV 17<\/td><td>DEVENEZ UN CHAMPION DE LA RELATION PROFESSIONNELLE<\/td><td><a rel=\"noreferrer noopener\" href=\"https:\/\/www.iff-ma.com\/wp-content\/uploads\/2021\/12\/IFF-TV-17.pdf\" target=\"_blank\">Voir la fiche<\/a><\/td><\/tr><tr><td>IFF TV 18<\/td><td>Formation sur le Syst\u00e8me de management Int\u00e9gr\u00e9 \u00ab SMI \u00bb<\/td><td><a rel=\"noreferrer noopener\" href=\"https:\/\/www.iff-ma.com\/wp-content\/uploads\/2021\/12\/IFF-TV-18-1.pdf\" target=\"_blank\">Voir la fiche<\/a><\/td><\/tr><\/tbody><\/table><\/figure>\n\n\n\n<h3 class=\"wp-block-heading\">2. <strong>Formation&nbsp;en Management de la s\u00e9curit\u00e9 ferroviaire<\/strong><\/h3>\n\n\n\n<figure class=\"wp-block-table\"><table><tbody><tr><td width=\"100\">IFF TV 12<\/td><td>Syst\u00e8me de Management de la s\u00e9curit\u00e9 <\/td><td width=\"100\"><a rel=\"noreferrer noopener\" href=\"http:\/\/www.iff-ma.com\/wp-content\/uploads\/2020\/05\/TV12.pdf\" target=\"_blank\">Voir la fiche<\/a><\/td><\/tr><tr><td>IFF TV 13<\/td><td>Management de la s\u00e9curit\u00e9 au sein d\u2019un \u00e9tablissement ferroviaire<\/td><td><a rel=\"noreferrer noopener\" href=\"https:\/\/www.iff-ma.com\/wp-content\/uploads\/2020\/06\/TV13-1.pdf\" target=\"_blank\">Voir la fiche<\/a><\/td><\/tr><tr><td>IFF TV 13 BIS<\/td><td>Facteurs organisationnels et humains (FOH)<\/td><td><a rel=\"noreferrer noopener\" href=\"https:\/\/www.iff-ma.com\/wp-content\/uploads\/2024\/10\/TV-13-BIS.pdf\" target=\"_blank\">Voir la fiche<\/a><\/td><\/tr><\/tbody><\/table><\/figure>\n\n\n\n<h3 class=\"wp-block-heading\">3. <strong>Autres&nbsp;formations<\/strong><\/h3>\n\n\n\n<figure class=\"wp-block-table\"><table><tbody><tr><td width=\"100\">IFF TV 14<\/td><td>D\u00e9veloppement durable et RSE<\/td><td width=\"100\"><a rel=\"noreferrer noopener\" href=\"http:\/\/www.iff-ma.com\/wp-content\/uploads\/2020\/05\/TV14.pdf\" target=\"_blank\">Voir la fiche<\/a><\/td><\/tr><tr><td>IFF TV 104<\/td><td>Secourisme et Lutte contre l\u2019incendie<\/td><td><a rel=\"noreferrer noopener\" href=\"http:\/\/www.iff-ma.com\/wp-content\/uploads\/2020\/05\/TV104.pdf\" target=\"_blank\">Voir la fiche<\/a><\/td><\/tr><td>IFF TV 18<\/td><td>Formation sur le Syst\u00e8me de Management Int\u00e9gr\u00e9 \u00ab IDMAJE \u00bb<\/td><td><a rel=\"noreferrer noopener\" href=\"https:\/\/www.iff-ma.com\/wp-content\/uploads\/2022\/03\/IFF-TV18.pdf\" target=\"_blank\">Voir la fiche<\/a><\/td><\/tr><td>IFF TV 18 BIS<\/td><td>Cercles de Formation \u2018Cercles Train Vert\u2019<\/td><td><a rel=\"noreferrer noopener\" href=\"https:\/\/www.iff-ma.com\/wp-content\/uploads\/2023\/03\/IFF-TV-18-BIS.pdf\" target=\"_blank\">Voir la fiche<\/a><\/td><\/tr><td>IFF TV 19<\/td><td>EXCELLENCE OPERATIONNELLE <\/td><td><a rel=\"noreferrer noopener\" href=\"https:\/\/www.iff-ma.com\/en\/iff-tv-19-2\/\" target=\"_blank\">Voir la fiche<\/a><\/td><\/tr><td>IFF TV 01<\/td><td>Formation des formateurs<\/td><td><a rel=\"noreferrer noopener\" href=\"https:\/\/www.iff-ma.com\/wp-content\/uploads\/2023\/04\/IFF-TV01.pdf\" target=\"_blank\">Voir la fiche<\/a><\/td><\/tr><td>IFF TV 08<\/td><td>Int\u00e9gration des nouvelles recrues ONCF\n<\/td><td><a rel=\"noreferrer noopener\" href=\"https:\/\/www.iff-ma.com\/wp-content\/uploads\/2023\/04\/IFF-TV08.pdf\" target=\"_blank\">Voir la fiche<\/a><\/td><\/tr><td>IFF TV 102<\/td><td>RENCONTRES GRANDE VITESSE <\/td><td><a rel=\"noreferrer noopener\" href=\"https:\/\/www.iff-ma.com\/en\/tv102-2\/\" target=\"_blank\">Voir la fiche<\/a><\/td><\/tr><\/tbody><\/table><\/figure>\n\n\n\n<p><\/p>\n","protected":false},"excerpt":{"rendered":"<p>Les formations transverses permettent aux stagiaires de manager individuellement leurs collaborateurs (feedback, \u00e9coute, motivation\u2026), d\u2019animer et diriger leurs \u00e9quipes (choix des priorit\u00e9s, coop\u00e9ration, r\u00e9unions, n\u00e9gociations\u2026), \u00eatre un relais entre la direction et les agents (communication de la strat\u00e9gie\u2026), g\u00e9rer les situations difficiles (recadrage, stress, conflits\u2026) mais aussi clarifier et affermir sa position de manager au<\/p>\n","protected":false},"author":3,"featured_media":0,"parent":4117,"menu_order":9,"comment_status":"closed","ping_status":"closed","template":"page-templates\/template-left-sidebar.php","meta":{"footnotes":""},"yst_prominent_words":[3737,4525,4903,3738,3739,1217,3740,1451,4724,4526,4904,3743,3744,1450,1444,3444,3749,4527,3750,3751],"class_list":["post-3797","page","type-page","status-publish","hentry"],"aioseo_notices":[],"_links":{"self":[{"href":"https:\/\/www.iff-ma.com\/en\/wp-json\/wp\/v2\/pages\/3797","targetHints":{"allow":["GET"]}}],"collection":[{"href":"https:\/\/www.iff-ma.com\/en\/wp-json\/wp\/v2\/pages"}],"about":[{"href":"https:\/\/www.iff-ma.com\/en\/wp-json\/wp\/v2\/types\/page"}],"author":[{"embeddable":true,"href":"https:\/\/www.iff-ma.com\/en\/wp-json\/wp\/v2\/users\/3"}],"replies":[{"embeddable":true,"href":"https:\/\/www.iff-ma.com\/en\/wp-json\/wp\/v2\/comments?post=3797"}],"version-history":[{"count":49,"href":"https:\/\/www.iff-ma.com\/en\/wp-json\/wp\/v2\/pages\/3797\/revisions"}],"predecessor-version":[{"id":10906,"href":"https:\/\/www.iff-ma.com\/en\/wp-json\/wp\/v2\/pages\/3797\/revisions\/10906"}],"up":[{"embeddable":true,"href":"https:\/\/www.iff-ma.com\/en\/wp-json\/wp\/v2\/pages\/4117"}],"wp:attachment":[{"href":"https:\/\/www.iff-ma.com\/en\/wp-json\/wp\/v2\/media?parent=3797"}],"wp:term":[{"taxonomy":"yst_prominent_words","embeddable":true,"href":"https:\/\/www.iff-ma.com\/en\/wp-json\/wp\/v2\/yst_prominent_words?post=3797"}],"curies":[{"name":"wp","href":"https:\/\/api.w.org\/{rel}","templated":true}]}}