{"id":3580,"date":"2016-12-28T15:41:21","date_gmt":"2016-12-28T14:41:21","guid":{"rendered":"http:\/\/localhost:8888\/iff?page_id=3580"},"modified":"2025-08-15T13:28:30","modified_gmt":"2025-08-15T11:28:30","slug":"facilites-offertes","status":"publish","type":"page","link":"https:\/\/www.iff-ma.com\/en\/useful-informations\/facilites-offertes\/","title":{"rendered":"Facilit\u00e9s offertes"},"content":{"rendered":"<p><span style=\"color: #993366;\"><strong>Des infrastructures modernes pour accueillir nos stagiaires :<\/strong><\/span><\/p>\n<p><a href=\"https:\/\/www.iff-ma.com\/wp-content\/uploads\/2025\/07\/IMG-9873-scaled.jpg\"><img loading=\"lazy\" decoding=\"async\" width=\"2560\" height=\"1920\" class=\"aligncenter size-full wp-image-9869\" src=\"https:\/\/www.iff-ma.com\/wp-content\/uploads\/2025\/07\/IMG-9873-scaled.jpg\" alt=\"\" srcset=\"https:\/\/www.iff-ma.com\/wp-content\/uploads\/2025\/07\/IMG-9873-scaled.jpg 2560w, https:\/\/www.iff-ma.com\/wp-content\/uploads\/2025\/07\/IMG-9873-300x225.jpg 300w, https:\/\/www.iff-ma.com\/wp-content\/uploads\/2025\/07\/IMG-9873-1024x768.jpg 1024w, https:\/\/www.iff-ma.com\/wp-content\/uploads\/2025\/07\/IMG-9873-768x576.jpg 768w, https:\/\/www.iff-ma.com\/wp-content\/uploads\/2025\/07\/IMG-9873-1536x1152.jpg 1536w, https:\/\/www.iff-ma.com\/wp-content\/uploads\/2025\/07\/IMG-9873-2048x1536.jpg 2048w, https:\/\/www.iff-ma.com\/wp-content\/uploads\/2025\/07\/IMG-9873-100x75.jpg 100w\" sizes=\"auto, (max-width: 2560px) 100vw, 2560px\" \/><\/a><\/p>\n<p class=\"cvGsUA direction-ltr align-justify para-style-body\"><span class=\"OYPEnA font-feature-liga-off font-feature-clig-off font-feature-calt-off text-decoration-none text-strikethrough-none\">&#8211; <\/span><strong><span class=\"OYPEnA font-feature-liga-off font-feature-clig-off font-feature-calt-off text-decoration-none text-strikethrough-none\">18 salles de formation<\/span><\/strong><span class=\"OYPEnA font-feature-liga-off font-feature-clig-off font-feature-calt-off text-decoration-none text-strikethrough-none\">, dont 8 \u00e9quip\u00e9es de tableaux num\u00e9riques interactifs et 5 \u00e9quip\u00e9es pour les classes virtuelles<\/span><\/p>\n<p><a href=\"https:\/\/www.iff-ma.com\/wp-content\/uploads\/2025\/07\/4G5A9571-scaled.jpg\"><img loading=\"lazy\" decoding=\"async\" width=\"2560\" height=\"1707\" class=\"aligncenter size-full wp-image-9875\" src=\"https:\/\/www.iff-ma.com\/wp-content\/uploads\/2025\/07\/4G5A9571-scaled.jpg\" alt=\"\" srcset=\"https:\/\/www.iff-ma.com\/wp-content\/uploads\/2025\/07\/4G5A9571-scaled.jpg 2560w, https:\/\/www.iff-ma.com\/wp-content\/uploads\/2025\/07\/4G5A9571-300x200.jpg 300w, https:\/\/www.iff-ma.com\/wp-content\/uploads\/2025\/07\/4G5A9571-1024x683.jpg 1024w, https:\/\/www.iff-ma.com\/wp-content\/uploads\/2025\/07\/4G5A9571-768x512.jpg 768w, https:\/\/www.iff-ma.com\/wp-content\/uploads\/2025\/07\/4G5A9571-1536x1024.jpg 1536w, https:\/\/www.iff-ma.com\/wp-content\/uploads\/2025\/07\/4G5A9571-2048x1365.jpg 2048w, https:\/\/www.iff-ma.com\/wp-content\/uploads\/2025\/07\/4G5A9571-100x67.jpg 100w, https:\/\/www.iff-ma.com\/wp-content\/uploads\/2025\/07\/4G5A9571-330x220.jpg 330w, https:\/\/www.iff-ma.com\/wp-content\/uploads\/2025\/07\/4G5A9571-450x300.jpg 450w\" sizes=\"auto, (max-width: 2560px) 100vw, 2560px\" \/><\/a><\/p>\n<p class=\"cvGsUA direction-ltr align-justify para-style-body\"><span class=\"OYPEnA font-feature-liga-off font-feature-clig-off font-feature-calt-off text-decoration-none text-strikethrough-none\">&#8211; <\/span><strong><span class=\"OYPEnA font-feature-liga-off font-feature-clig-off font-feature-calt-off text-decoration-none text-strikethrough-none\">1 Digital Lab<\/span><\/strong><span class=\"OYPEnA font-feature-liga-off font-feature-clig-off font-feature-calt-off text-decoration-none text-strikethrough-none\"> sp\u00e9cialement \u00e9quip\u00e9 pour la production de contenus num\u00e9riques avec une zone d&#8217;enregistrement sur fond vert<\/span><\/p>\n<p><a href=\"https:\/\/www.iff-ma.com\/wp-content\/uploads\/2025\/07\/Assboul-2-scaled.jpg\"><img loading=\"lazy\" decoding=\"async\" width=\"2560\" height=\"1707\" class=\"aligncenter size-full wp-image-9878\" src=\"https:\/\/www.iff-ma.com\/wp-content\/uploads\/2025\/07\/Assboul-2-scaled.jpg\" alt=\"\" srcset=\"https:\/\/www.iff-ma.com\/wp-content\/uploads\/2025\/07\/Assboul-2-scaled.jpg 2560w, https:\/\/www.iff-ma.com\/wp-content\/uploads\/2025\/07\/Assboul-2-300x200.jpg 300w, https:\/\/www.iff-ma.com\/wp-content\/uploads\/2025\/07\/Assboul-2-1024x683.jpg 1024w, https:\/\/www.iff-ma.com\/wp-content\/uploads\/2025\/07\/Assboul-2-768x512.jpg 768w, https:\/\/www.iff-ma.com\/wp-content\/uploads\/2025\/07\/Assboul-2-1536x1024.jpg 1536w, https:\/\/www.iff-ma.com\/wp-content\/uploads\/2025\/07\/Assboul-2-2048x1365.jpg 2048w, https:\/\/www.iff-ma.com\/wp-content\/uploads\/2025\/07\/Assboul-2-100x67.jpg 100w, https:\/\/www.iff-ma.com\/wp-content\/uploads\/2025\/07\/Assboul-2-330x220.jpg 330w, https:\/\/www.iff-ma.com\/wp-content\/uploads\/2025\/07\/Assboul-2-450x300.jpg 450w\" sizes=\"auto, (max-width: 2560px) 100vw, 2560px\" \/><\/a><\/p>\n<p class=\"cvGsUA direction-ltr align-justify para-style-body\"><span class=\"OYPEnA font-feature-liga-off font-feature-clig-off font-feature-calt-off text-decoration-none text-strikethrough-none\">&#8211; <\/span><strong><span class=\"OYPEnA font-feature-liga-off font-feature-clig-off font-feature-calt-off text-decoration-none text-strikethrough-none\">8 salles de travaux pratiques<\/span><\/strong><span class=\"OYPEnA font-feature-liga-off font-feature-clig-off font-feature-calt-off text-decoration-none text-strikethrough-none\"> avec des mod\u00e8les p\u00e9dagogiques<\/span><\/p>\n<p><a href=\"https:\/\/www.iff-ma.com\/wp-content\/uploads\/2025\/07\/9.jpg\"><img loading=\"lazy\" decoding=\"async\" width=\"1024\" height=\"640\" class=\"aligncenter size-full wp-image-9873\" src=\"https:\/\/www.iff-ma.com\/wp-content\/uploads\/2025\/07\/9.jpg\" alt=\"\" srcset=\"https:\/\/www.iff-ma.com\/wp-content\/uploads\/2025\/07\/9.jpg 1024w, https:\/\/www.iff-ma.com\/wp-content\/uploads\/2025\/07\/9-300x188.jpg 300w, https:\/\/www.iff-ma.com\/wp-content\/uploads\/2025\/07\/9-768x480.jpg 768w, https:\/\/www.iff-ma.com\/wp-content\/uploads\/2025\/07\/9-100x63.jpg 100w\" sizes=\"auto, (max-width: 1024px) 100vw, 1024px\" \/><\/a><\/p>\n<p class=\"cvGsUA direction-ltr align-justify para-style-body\"><span class=\"OYPEnA font-feature-liga-off font-feature-clig-off font-feature-calt-off text-decoration-none text-strikethrough-none\">&#8211; <\/span><strong><span class=\"OYPEnA font-feature-liga-off font-feature-clig-off font-feature-calt-off text-decoration-none text-strikethrough-none\">1 Simulateur de conduite<\/span><\/strong><span class=\"OYPEnA font-feature-liga-off font-feature-clig-off font-feature-calt-off text-decoration-none text-strikethrough-none\"><strong> multifonctionnel<\/strong> compos\u00e9 de 6 cabines de conduite ind\u00e9pendantes ; <\/span><\/p>\n<ul>\n<li><span class=\"OYPEnA font-feature-liga-off font-feature-clig-off font-feature-calt-off text-decoration-none text-strikethrough-none\">2 postes d&#8217;instructeurs (pouvant superviser plusieurs simulations en m\u00eame temps) et 1 poste d&#8217;observateur pour la relecture des exercices).<\/span><\/li>\n<\/ul>\n<p><span style=\"color: #993366;\"><strong>Restaurant<\/strong><\/span><\/p>\n<p><a href=\"https:\/\/www.iff-ma.com\/wp-content\/uploads\/2025\/07\/1.png\"><img loading=\"lazy\" decoding=\"async\" width=\"1070\" height=\"1019\" class=\"aligncenter size-full wp-image-9861\" src=\"https:\/\/www.iff-ma.com\/wp-content\/uploads\/2025\/07\/1.png\" alt=\"\" srcset=\"https:\/\/www.iff-ma.com\/wp-content\/uploads\/2025\/07\/1.png 1070w, https:\/\/www.iff-ma.com\/wp-content\/uploads\/2025\/07\/1-300x286.png 300w, https:\/\/www.iff-ma.com\/wp-content\/uploads\/2025\/07\/1-1024x975.png 1024w, https:\/\/www.iff-ma.com\/wp-content\/uploads\/2025\/07\/1-768x731.png 768w, https:\/\/www.iff-ma.com\/wp-content\/uploads\/2025\/07\/1-100x95.png 100w\" sizes=\"auto, (max-width: 1070px) 100vw, 1070px\" \/><\/a><\/p>\n<p>Un restaurant self-service qui offre aux stagiaires des repas \u00e9quilibr\u00e9s plus pr\u00e8s de leur lieu de formation. Les repas servis aux stagiaires sont vari\u00e9s (cuisine marocaine et europ\u00e9enne), chaque jour ils ont le choix entre 2 entr\u00e9es, 2 plats ainsi qu\u2019une vari\u00e9t\u00e9 de desserts.<br \/>Des distributeurs de caf\u00e9 sont mis \u00e9galement \u00e0 la disposition des apprenants.<\/p>\n<p><strong><span style=\"color: #993366;\">Espace de vie<\/span> <\/strong><\/p>\n<p><a href=\"https:\/\/www.iff-ma.com\/wp-content\/uploads\/2025\/07\/4G5A9748-scaled.jpg\"><img loading=\"lazy\" decoding=\"async\" width=\"2560\" height=\"1707\" class=\"aligncenter size-full wp-image-9871\" src=\"https:\/\/www.iff-ma.com\/wp-content\/uploads\/2025\/07\/4G5A9748-scaled.jpg\" alt=\"\" srcset=\"https:\/\/www.iff-ma.com\/wp-content\/uploads\/2025\/07\/4G5A9748-scaled.jpg 2560w, https:\/\/www.iff-ma.com\/wp-content\/uploads\/2025\/07\/4G5A9748-300x200.jpg 300w, https:\/\/www.iff-ma.com\/wp-content\/uploads\/2025\/07\/4G5A9748-1024x683.jpg 1024w, https:\/\/www.iff-ma.com\/wp-content\/uploads\/2025\/07\/4G5A9748-768x512.jpg 768w, https:\/\/www.iff-ma.com\/wp-content\/uploads\/2025\/07\/4G5A9748-1536x1024.jpg 1536w, https:\/\/www.iff-ma.com\/wp-content\/uploads\/2025\/07\/4G5A9748-2048x1365.jpg 2048w, https:\/\/www.iff-ma.com\/wp-content\/uploads\/2025\/07\/4G5A9748-100x67.jpg 100w, https:\/\/www.iff-ma.com\/wp-content\/uploads\/2025\/07\/4G5A9748-330x220.jpg 330w, https:\/\/www.iff-ma.com\/wp-content\/uploads\/2025\/07\/4G5A9748-450x300.jpg 450w\" sizes=\"auto, (max-width: 2560px) 100vw, 2560px\" \/><\/a><\/p>\n<p>L\u2019IFF dispose d\u2019un espace lumineux (<span class=\"OYPEnA font-feature-liga-off font-feature-clig-off font-feature-calt-off text-decoration-none text-strikethrough-none\">\u00a0<\/span><span class=\"OYPEnA font-feature-liga-off font-feature-clig-off font-feature-calt-off text-decoration-none text-strikethrough-none\">3000 m\u00b2 de locaux neufs<\/span><span class=\"OYPEnA font-feature-liga-off font-feature-clig-off font-feature-calt-off text-decoration-none text-strikethrough-none\">) convivial<\/span>\u00a0propice \u00e0 l\u2019\u00e9change et \u00e0 l\u2019apprentissage.<\/p>\n<p><span style=\"color: #993366;\"><strong>Connexion internet<\/strong><\/span><\/p>\n<p>Les stagiaires peuvent se connecter \u00e0 tout moment au r\u00e9seau wifi offert par l\u2019IFF.<\/p>\n\n\n<p><\/p>\n","protected":false},"excerpt":{"rendered":"<p>Des infrastructures modernes pour accueillir nos stagiaires : &#8211; 18 salles de formation, dont 8 \u00e9quip\u00e9es de tableaux num\u00e9riques interactifs et 5 \u00e9quip\u00e9es pour les classes virtuelles &#8211; 1 Digital Lab sp\u00e9cialement \u00e9quip\u00e9 pour la production de contenus num\u00e9riques avec une zone d&#8217;enregistrement sur fond vert &#8211; 8 salles de travaux pratiques avec des mod\u00e8les<\/p>\n","protected":false},"author":3,"featured_media":0,"parent":3578,"menu_order":0,"comment_status":"closed","ping_status":"closed","template":"page-templates\/template-left-sidebar.php","meta":{"footnotes":""},"yst_prominent_words":[2963,1560,1280,1217,1281,5237,1283,1284,2966,1285],"class_list":["post-3580","page","type-page","status-publish","hentry"],"aioseo_notices":[],"_links":{"self":[{"href":"https:\/\/www.iff-ma.com\/en\/wp-json\/wp\/v2\/pages\/3580","targetHints":{"allow":["GET"]}}],"collection":[{"href":"https:\/\/www.iff-ma.com\/en\/wp-json\/wp\/v2\/pages"}],"about":[{"href":"https:\/\/www.iff-ma.com\/en\/wp-json\/wp\/v2\/types\/page"}],"author":[{"embeddable":true,"href":"https:\/\/www.iff-ma.com\/en\/wp-json\/wp\/v2\/users\/3"}],"replies":[{"embeddable":true,"href":"https:\/\/www.iff-ma.com\/en\/wp-json\/wp\/v2\/comments?post=3580"}],"version-history":[{"count":13,"href":"https:\/\/www.iff-ma.com\/en\/wp-json\/wp\/v2\/pages\/3580\/revisions"}],"predecessor-version":[{"id":9900,"href":"https:\/\/www.iff-ma.com\/en\/wp-json\/wp\/v2\/pages\/3580\/revisions\/9900"}],"up":[{"embeddable":true,"href":"https:\/\/www.iff-ma.com\/en\/wp-json\/wp\/v2\/pages\/3578"}],"wp:attachment":[{"href":"https:\/\/www.iff-ma.com\/en\/wp-json\/wp\/v2\/media?parent=3580"}],"wp:term":[{"taxonomy":"yst_prominent_words","embeddable":true,"href":"https:\/\/www.iff-ma.com\/en\/wp-json\/wp\/v2\/yst_prominent_words?post=3580"}],"curies":[{"name":"wp","href":"https:\/\/api.w.org\/{rel}","templated":true}]}}