{"id":3371,"date":"2016-12-28T15:39:35","date_gmt":"2016-12-28T14:39:35","guid":{"rendered":"http:\/\/localhost:8888\/iff?page_id=3371"},"modified":"2016-12-28T15:39:35","modified_gmt":"2016-12-28T14:39:35","slug":"nos-valeurs","status":"publish","type":"page","link":"https:\/\/www.iff-ma.com\/en\/nos-valeurs\/","title":{"rendered":"Nos valeurs"},"content":{"rendered":"<p>Quatre valeurs guident notre action : <span style=\"color: #771046;\"><strong>l\u2019orientation client, le partage, l\u2019excellence et le respect.<\/strong><\/span> Nous les avons d\u00e9finies conjointement avec les formateurs et r\u00e9f\u00e9rents qui interviennent, et c\u2019est dans cet esprit que nous dispensons les formations et partageons notre expertise.<\/p>\n<p>Leur traduction concr\u00e8te fait l\u2019objet de toute notre attention.<\/p>\n<p>L\u2019IFF est un institut qui dispense des formations et transmet de l\u2019expertise, dans les m\u00e9tiers ferroviaires et transverses (projet, management), principalement aux op\u00e9rateurs de Lignes \u00e0 Grande Vitesse, de Lignes Classiques et du transport urbain, pour le Maroc, la France et les pays d\u2019Afrique.<\/p>\n<p>Il se veut ainsi un institut de r\u00e9f\u00e9rence \u2013 notamment en Afrique, offrant dans son domaine des formations et un r\u00e9seau d\u2019experts reconnus.<\/p>\n<p><a href=\"http:\/\/www.iff-ma.com\/wp-content\/uploads\/2020\/04\/iff_nos_valeurs.png\" rel=\"prettyPhoto\"><img loading=\"lazy\" decoding=\"async\" width=\"768\" height=\"438\" class=\"aligncenter wp-image-2788 size-medium_large\" src=\"http:\/\/www.iff-ma.com\/wp-content\/uploads\/2020\/04\/iff_nos_valeurs-768x438.png\" alt=\"\" srcset=\"https:\/\/www.iff-ma.com\/wp-content\/uploads\/2020\/04\/iff_nos_valeurs-768x438.png 768w, https:\/\/www.iff-ma.com\/wp-content\/uploads\/2020\/04\/iff_nos_valeurs-300x171.png 300w, https:\/\/www.iff-ma.com\/wp-content\/uploads\/2020\/04\/iff_nos_valeurs-1024x584.png 1024w, https:\/\/www.iff-ma.com\/wp-content\/uploads\/2020\/04\/iff_nos_valeurs-1536x876.png 1536w, https:\/\/www.iff-ma.com\/wp-content\/uploads\/2020\/04\/iff_nos_valeurs-100x57.png 100w, https:\/\/www.iff-ma.com\/wp-content\/uploads\/2020\/04\/iff_nos_valeurs.png 1560w\" sizes=\"auto, (max-width: 768px) 100vw, 768px\" \/><\/a><\/p>\n<p>La satisfaction de nos stagiaires et de nos clients est pour nous le moteur de notre action et une preuve de notre excellence. Ainsi, anticipation, r\u00e9activit\u00e9 et innovation nous permettent de r\u00e9pondre aux besoins et attentes de nos clients et de garantir leur satisfaction.<\/p>\n<p>Le partage est au c\u0153ur de notre vision et de nos pratiques par la mise \u00e0 dis- position des ressources p\u00e9dagogiques et les \u00e9changes entre tous les acteurs. L\u2019ouverture \u00e0 l\u2019autre et la diversit\u00e9 sont pour nous des richesses, ainsi que des facteurs de d\u00e9veloppement et d\u2019\u00e9panouissement. De nombreuses manifestations \u00e0 caract\u00e8re international viennent enrichir notre activit\u00e9.<\/p>\n<p>La recherche de l\u2019excellence se traduit \u00e9galement pour chacun par un travail r\u00e9gulier de mise \u00e0 jour de ses comp\u00e9tences techniques et de d\u00e9veloppement personnel. Elle se retrouve \u00e9galement dans les modes de fonctionnement mis en \u0153uvre par l\u2019IFF, ainsi que dans le professionnalisme des relations et des \u00e9changes entre acteurs.<\/p>\n<p>Enfin, le respect des cultures, des valeurs, des religions, des origines et de la personnalit\u00e9 de chacun permet \u00e0 l\u2019IFF d\u2019accueillir un public diversifi\u00e9, source d\u2019\u00e9changes enrichissants entre pairs sur les pratiques professionnelles propres \u00e0 chaque entreprise.<\/p>\n","protected":false},"excerpt":{"rendered":"<p>Quatre valeurs guident notre action : l\u2019orientation client, le partage, l\u2019excellence et le respect. Nous les avons d\u00e9finies conjointement avec les formateurs et r\u00e9f\u00e9rents qui interviennent, et c\u2019est dans cet esprit que nous dispensons les formations et partageons notre expertise. Leur traduction concr\u00e8te fait l\u2019objet de toute notre attention. L\u2019IFF est un institut qui dispense<\/p>\n","protected":false},"author":3,"featured_media":0,"parent":0,"menu_order":0,"comment_status":"closed","ping_status":"closed","template":"page-templates\/template-left-sidebar.php","meta":{"footnotes":""},"yst_prominent_words":[],"class_list":["post-3371","page","type-page","status-publish","hentry"],"aioseo_notices":[],"_links":{"self":[{"href":"https:\/\/www.iff-ma.com\/en\/wp-json\/wp\/v2\/pages\/3371","targetHints":{"allow":["GET"]}}],"collection":[{"href":"https:\/\/www.iff-ma.com\/en\/wp-json\/wp\/v2\/pages"}],"about":[{"href":"https:\/\/www.iff-ma.com\/en\/wp-json\/wp\/v2\/types\/page"}],"author":[{"embeddable":true,"href":"https:\/\/www.iff-ma.com\/en\/wp-json\/wp\/v2\/users\/3"}],"replies":[{"embeddable":true,"href":"https:\/\/www.iff-ma.com\/en\/wp-json\/wp\/v2\/comments?post=3371"}],"version-history":[{"count":0,"href":"https:\/\/www.iff-ma.com\/en\/wp-json\/wp\/v2\/pages\/3371\/revisions"}],"wp:attachment":[{"href":"https:\/\/www.iff-ma.com\/en\/wp-json\/wp\/v2\/media?parent=3371"}],"wp:term":[{"taxonomy":"yst_prominent_words","embeddable":true,"href":"https:\/\/www.iff-ma.com\/en\/wp-json\/wp\/v2\/yst_prominent_words?post=3371"}],"curies":[{"name":"wp","href":"https:\/\/api.w.org\/{rel}","templated":true}]}}