{"id":3369,"date":"2016-12-28T15:43:15","date_gmt":"2016-12-28T14:43:15","guid":{"rendered":"http:\/\/localhost:8888\/iff?page_id=3369"},"modified":"2016-12-28T15:43:15","modified_gmt":"2016-12-28T14:43:15","slug":"moyens-pedagogiques","status":"publish","type":"page","link":"https:\/\/www.iff-ma.com\/en\/moyens-pedagogiques\/","title":{"rendered":"Moyens p\u00e9dagogiques"},"content":{"rendered":"<p><strong>Des locaux neufs :<\/strong><\/p>\n<ul>\n<li>3000 m\u00b2 de locaux neufs \u00e0 Rabat au sein de l\u2019\u00c9cole Mohammedia d\u2019Ing\u00e9nieurs<\/li>\n<li>Capacit\u00e9 d\u2019accueil de 200 stagiaires<\/li>\n<li>18 salles de formation<\/li>\n<li>10 salles de travaux pratiques \u00e9quip\u00e9es selon les normes internationales<\/li>\n<\/ul>\n<p>&nbsp;<\/p>\n<p><strong>Outils et de m\u00e9thodes p\u00e9dagogiques innovants :<\/strong><\/p>\n<ul>\n<li>Un simulateur offrant 6 cabines de conduite et une salle de travail en groupe (simulateur polyvalent permettant de reproduire les pupitres de conduite de plusieurs engins de l\u2019ONCF dont les Rames \u00e0 Grande Vitesse Maroc)<\/li>\n<li>3 salles \u00e9quip\u00e9es de logiciels de r\u00e9alit\u00e9 virtuelle<\/li>\n<li>3 salles Modules E-Learning<\/li>\n<li>5 salles disposant de tableaux num\u00e9riques interactifs<\/li>\n<li>Maquettes techniques (Organes de roulement, Freins, Magn\u00e9toscopie\u2026)<\/li>\n<li>T\u00e9l\u00e9com<\/li>\n<li>T\u00e9l\u00e9phonie<\/li>\n<li>Maintenance du mat\u00e9riel roulant<\/li>\n<\/ul>\n<p><strong>Toutes nos salles de cours sont \u00e9quip\u00e9es de vid\u00e9oprojecteurs et d\u2019ordinateurs.<\/strong><\/p>\n<p><strong>L\u2019IFF dispose ainsi d\u2019une capacit\u00e9 d\u2019accueil de 200 stagiaires chaque semaine.<\/strong><\/p>\n","protected":false},"excerpt":{"rendered":"<p>Des locaux neufs : 3000 m\u00b2 de locaux neufs \u00e0 Rabat au sein de l\u2019\u00c9cole Mohammedia d\u2019Ing\u00e9nieurs Capacit\u00e9 d\u2019accueil de 200 stagiaires 18 salles de formation 10 salles de travaux pratiques \u00e9quip\u00e9es selon les normes internationales &nbsp; Outils et de m\u00e9thodes p\u00e9dagogiques innovants : Un simulateur offrant 6 cabines de conduite et une salle de<\/p>\n","protected":false},"author":3,"featured_media":0,"parent":0,"menu_order":0,"comment_status":"closed","ping_status":"closed","template":"page-templates\/template-left-sidebar.php","meta":{"footnotes":""},"yst_prominent_words":[],"class_list":["post-3369","page","type-page","status-publish","hentry"],"aioseo_notices":[],"_links":{"self":[{"href":"https:\/\/www.iff-ma.com\/en\/wp-json\/wp\/v2\/pages\/3369","targetHints":{"allow":["GET"]}}],"collection":[{"href":"https:\/\/www.iff-ma.com\/en\/wp-json\/wp\/v2\/pages"}],"about":[{"href":"https:\/\/www.iff-ma.com\/en\/wp-json\/wp\/v2\/types\/page"}],"author":[{"embeddable":true,"href":"https:\/\/www.iff-ma.com\/en\/wp-json\/wp\/v2\/users\/3"}],"replies":[{"embeddable":true,"href":"https:\/\/www.iff-ma.com\/en\/wp-json\/wp\/v2\/comments?post=3369"}],"version-history":[{"count":0,"href":"https:\/\/www.iff-ma.com\/en\/wp-json\/wp\/v2\/pages\/3369\/revisions"}],"wp:attachment":[{"href":"https:\/\/www.iff-ma.com\/en\/wp-json\/wp\/v2\/media?parent=3369"}],"wp:term":[{"taxonomy":"yst_prominent_words","embeddable":true,"href":"https:\/\/www.iff-ma.com\/en\/wp-json\/wp\/v2\/yst_prominent_words?post=3369"}],"curies":[{"name":"wp","href":"https:\/\/api.w.org\/{rel}","templated":true}]}}