{"id":3366,"date":"2016-12-28T15:40:03","date_gmt":"2016-12-28T14:40:03","guid":{"rendered":"http:\/\/localhost:8888\/iff?page_id=3366"},"modified":"2016-12-28T15:40:03","modified_gmt":"2016-12-28T14:40:03","slug":"missions","status":"publish","type":"page","link":"https:\/\/www.iff-ma.com\/en\/missions\/","title":{"rendered":"Missions et ambitions"},"content":{"rendered":"<p>L\u2019IFF a pour mission de former les encadrants de l\u2019ONCF et de SNCF aux diff\u00e9rents m\u00e9tiers ferroviaires et d\u2019accompagner la mise en place de la nouvelle Ligne Grande Vitesse et de former ses futurs op\u00e9rateurs . Il a pour ambition de dispenser des formations d\u2019excellence en s\u2019appuyant sur des m\u00e9thodes et des outils p\u00e9dagogiques novateurs et modernes tels que les logiciels de r\u00e9alit\u00e9 virtuelle et simulateurs.<\/p>\n<p>Les formations dispens\u00e9es \u00e0 l\u2019IFF se veulent pratiques. Aussi de nombreuses maquettes p\u00e9dagogiques sont mises en \u0153uvre et les formations font le plus souvent possible, appel \u00e0 des exercices et \u00e0 des mises en situation. Ces formations sont dispens\u00e9es exclusivement \u00e0 l\u2019IFF que ce soit pour les stagiaires de l\u2019ONCF ou de SNCF. L\u2019IFF a \u00e9galement pour ambition de partager cette exigence d\u2019excellence avec tous les acteurs du monde du transport ferroviaire \u00e0 travers l\u2019organisation de manifestations tels que des colloques internationaux, \u00e0 l\u2019instar de celui tenu en octobre 2015 ayant r\u00e9uni plus de 100 d\u00e9cideurs institutionnels, industriels, universitaires d\u2019une dizaine de pays d\u2019Europe et d\u2019Afrique.<\/p>\n","protected":false},"excerpt":{"rendered":"<p>L\u2019IFF a pour mission de former les encadrants de l\u2019ONCF et de SNCF aux diff\u00e9rents m\u00e9tiers ferroviaires et d\u2019accompagner la mise en place de la nouvelle Ligne Grande Vitesse et de former ses futurs op\u00e9rateurs . Il a pour ambition de dispenser des formations d\u2019excellence en s\u2019appuyant sur des m\u00e9thodes et des outils p\u00e9dagogiques novateurs<\/p>\n","protected":false},"author":3,"featured_media":0,"parent":0,"menu_order":0,"comment_status":"closed","ping_status":"closed","template":"page-templates\/template-left-sidebar.php","meta":{"footnotes":""},"yst_prominent_words":[],"class_list":["post-3366","page","type-page","status-publish","hentry"],"aioseo_notices":[],"_links":{"self":[{"href":"https:\/\/www.iff-ma.com\/en\/wp-json\/wp\/v2\/pages\/3366","targetHints":{"allow":["GET"]}}],"collection":[{"href":"https:\/\/www.iff-ma.com\/en\/wp-json\/wp\/v2\/pages"}],"about":[{"href":"https:\/\/www.iff-ma.com\/en\/wp-json\/wp\/v2\/types\/page"}],"author":[{"embeddable":true,"href":"https:\/\/www.iff-ma.com\/en\/wp-json\/wp\/v2\/users\/3"}],"replies":[{"embeddable":true,"href":"https:\/\/www.iff-ma.com\/en\/wp-json\/wp\/v2\/comments?post=3366"}],"version-history":[{"count":0,"href":"https:\/\/www.iff-ma.com\/en\/wp-json\/wp\/v2\/pages\/3366\/revisions"}],"wp:attachment":[{"href":"https:\/\/www.iff-ma.com\/en\/wp-json\/wp\/v2\/media?parent=3366"}],"wp:term":[{"taxonomy":"yst_prominent_words","embeddable":true,"href":"https:\/\/www.iff-ma.com\/en\/wp-json\/wp\/v2\/yst_prominent_words?post=3366"}],"curies":[{"name":"wp","href":"https:\/\/api.w.org\/{rel}","templated":true}]}}