{"id":3361,"date":"2016-12-28T16:57:56","date_gmt":"2016-12-28T15:57:56","guid":{"rendered":"http:\/\/localhost:8888\/iff?page_id=3361"},"modified":"2020-05-29T08:11:53","modified_gmt":"2020-05-29T06:11:53","slug":"management-de-projet","status":"publish","type":"page","link":"https:\/\/www.iff-ma.com\/en\/management-de-projet\/","title":{"rendered":"Project management"},"content":{"rendered":"<p>Ces formations permettront aux cadres de piloter et de mener \u00e0 bien leurs projets toute en appliquant les pratiques internationales.<\/p>\n<p>Le stagiaire pourra acqu\u00e9rir les fondamentaux du management de projet, du travail en mode projet et en \u00e9quipe.<\/p>\n<p>Conna\u00eetre les principes les m\u00e9thodes de planification et de ma\u00eetrise des co\u00fbts et des risques.<\/p>\n<p>Mais aussi comprendre les points cl\u00e9 d\u2019une gestion de projet en terme d\u2019organisation, de pilotage et de fonctionnement.<\/p>\n<p>Puis d\u00e9finir une vision, une ambition et des conditions de r\u00e9ussite d\u2019un projet sur le plan comportemental et humain.<\/p>\n\n\n<figure class=\"wp-block-image size-large\"><img loading=\"lazy\" decoding=\"async\" width=\"1024\" height=\"683\" src=\"http:\/\/www.iff-ma.com\/wp-content\/uploads\/2018\/01\/CAM30087-1024x683.jpg\" alt=\"\" class=\"wp-image-1122\" srcset=\"https:\/\/www.iff-ma.com\/wp-content\/uploads\/2018\/01\/CAM30087-1024x683.jpg 1024w, https:\/\/www.iff-ma.com\/wp-content\/uploads\/2018\/01\/CAM30087-300x200.jpg 300w, https:\/\/www.iff-ma.com\/wp-content\/uploads\/2018\/01\/CAM30087-768x512.jpg 768w, https:\/\/www.iff-ma.com\/wp-content\/uploads\/2018\/01\/CAM30087-100x67.jpg 100w, https:\/\/www.iff-ma.com\/wp-content\/uploads\/2018\/01\/CAM30087-330x220.jpg 330w, https:\/\/www.iff-ma.com\/wp-content\/uploads\/2018\/01\/CAM30087-450x300.jpg 450w\" sizes=\"auto, (max-width: 1024px) 100vw, 1024px\" \/><\/figure>\n\n\n\n<figure class=\"wp-block-table\"><table><tbody><tr><td>IFF&nbsp;MP01&nbsp;<\/td><td>Ma\u00eetriser les d\u00e9lais<\/td><td><a class=\"aioseop-link\" href=\"http:\/\/www.iff-ma.com\/wp-content\/uploads\/2020\/05\/IFF-MP01.jpg\" rel=\"prettyphoto\">Voir la fiche<\/a><\/td><\/tr><tr><td>IFF&nbsp;MP02<\/td><td>Int\u00e9grer le mode projet&nbsp;<\/td><td><a href=\"http:\/\/www.iff-ma.com\/wp-content\/uploads\/2020\/05\/IFF-MP02.jpg\" class=\"aioseop-link\" rel=\"prettyphoto\">Voir la fiche<\/a><\/td><\/tr><tr><td>IFF&nbsp;MP03<\/td><td>Manager en mode projet<\/td><td><a href=\"http:\/\/www.iff-ma.com\/wp-content\/uploads\/2020\/05\/IFF-MP03.jpg\" class=\"aioseop-link\" rel=\"prettyphoto\">Voir la fiche<\/a><\/td><\/tr><tr><td>IFF&nbsp;MP07<\/td><td>Ma\u00eetriser les risques&nbsp;<\/td><td><a href=\"http:\/\/www.iff-ma.com\/wp-content\/uploads\/2020\/05\/IFF-MP07.jpg\" rel=\"prettyphoto\">Voir la fiche<\/a><\/td><\/tr><tr><td>IFF&nbsp;MP08<\/td><td>Ma\u00eetrise des co\u00fbts et estimation<\/td><td><a href=\"http:\/\/www.iff-ma.com\/wp-content\/uploads\/2020\/05\/IFF-MP08.jpg\" rel=\"prettyphoto\">Voir la fiche<\/a><\/td><\/tr><\/tbody><\/table><\/figure>\n\n\n\n<figure class=\"wp-block-pullquote\"><blockquote><div class=\"wp-block-file iff_btn\">T\u00e9l\u00e9charger catalogue Management de projet<br><br><br><div class=\"_3d-flip-book  fb3d-thumbnail-lightbox-mode\" data-id=\"3100\" data-mode=\"thumbnail-lightbox\" data-title=\"false\" data-template=\"short-white-book-view\" data-lightbox=\"dark\" data-urlparam=\"fb3d-page\" data-page-n=\"0\" data-pdf=\"\" data-tax=\"null\" data-thumbnail=\"\" data-cols=\"3\" data-book-template=\"default\" data-trigger=\"\"><\/div><script type=\"text\/javascript\">window.FB3D_CLIENT_DATA = window.FB3D_CLIENT_DATA || [];FB3D_CLIENT_DATA.push('eyJwb3N0cyI6eyI0MTM1Ijp7IklEIjo0MTM1LCJ0aXRsZSI6IkZvcm1hdGlvbiAtIE1hbmFnZW1lbnQgZGUgcHJvamV0IiwidHlwZSI6InBkZiIsInJlYWR5X2Z1bmN0aW9uIjoiIiwiYm9va19zdHlsZSI6InZvbHVtZSIsImJvb2tfdGVtcGxhdGUiOiJub25lIiwib3V0bGluZSI6W10sImRhdGEiOnsicG9zdF9JRCI6IjMzNjIiLCJndWlkIjoiaHR0cDpcL1wvd3d3LmlmZi1tYS5jb21cL3dwLWNvbnRlbnRcL3VwbG9hZHNcLzIwMjBcLzA1XC9tYW5hZ2VtZW50X2RlX3Byb2pldC5wZGYiLCJwZGZfcGFnZXMiOiIxOSIsInBhZ2VzX2N1c3RvbWl6YXRpb24iOiJub25lIn0sInRodW1ibmFpbCI6eyJkYXRhIjp7InBvc3RfSUQiOiIwIn0sInR5cGUiOiJhdXRvIn0sInByb3BzIjp7ImhlaWdodCI6ImF1dG8iLCJ3aWR0aCI6ImF1dG8iLCJncmF2aXR5IjoiYXV0byIsImNhY2hlZFBhZ2VzIjoiYXV0byIsInJlbmRlckluYWN0aXZlUGFnZXMiOiJhdXRvIiwicmVuZGVySW5hY3RpdmVQYWdlc09uTW9iaWxlIjoiYXV0byIsInJlbmRlcldoaWxlRmxpcHBpbmciOiJhdXRvIiwicGFnZXNGb3JQcmVkaWN0aW5nIjoiYXV0byIsInByZWxvYWRQYWdlcyI6ImF1dG8iLCJydGwiOiJhdXRvIiwic2hlZXQiOnsic3RhcnRWZWxvY2l0eSI6ImF1dG8iLCJjb3JuZXJEZXZpYXRpb24iOiJhdXRvIiwiZmxleGliaWxpdHkiOiJhdXRvIiwiZmxleGlibGVDb3JuZXIiOiJhdXRvIiwiYmVuZGluZyI6ImF1dG8iLCJ3YXZlIjoiYXV0byIsIndpZHRoVGV4ZWxzIjoiYXV0byIsImhlaWdodFRleGVscyI6ImF1dG8iLCJjb2xvciI6ImF1dG8ifSwiY292ZXIiOnsic3RhcnRWZWxvY2l0eSI6ImF1dG8iLCJmbGV4aWJpbGl0eSI6ImF1dG8iLCJmbGV4aWJsZUNvcm5lciI6ImF1dG8iLCJiZW5kaW5nIjoiYXV0byIsIndhdmUiOiJhdXRvIiwid2lkdGhUZXhlbHMiOiJhdXRvIiwiaGVpZ2h0VGV4ZWxzIjoiYXV0byIsImNvbG9yIjoiYXV0byIsImJpbmRlclRleHR1cmUiOiJhdXRvIiwiZGVwdGgiOiJhdXRvIiwicGFkZGluZyI6ImF1dG8iLCJtYXNzIjoiYXV0byJ9LCJwYWdlIjp7InN0YXJ0VmVsb2NpdHkiOiJhdXRvIiwiZmxleGliaWxpdHkiOiJhdXRvIiwiZmxleGlibGVDb3JuZXIiOiJhdXRvIiwiYmVuZGluZyI6ImF1dG8iLCJ3YXZlIjoiYXV0byIsIndpZHRoVGV4ZWxzIjoiYXV0byIsImhlaWdodFRleGVscyI6ImF1dG8iLCJjb2xvciI6ImF1dG8iLCJkZXB0aCI6ImF1dG8iLCJtYXNzIjoiYXV0byJ9fSwiY29udHJvbFByb3BzIjp7ImFjdGlvbnMiOnsiY21kU2F2ZSI6eyJlbmFibGVkIjoiYXV0byJ9LCJjbWRQcmludCI6eyJlbmFibGVkIjoiYXV0byJ9LCJjbWRTaW5nbGVQYWdlIjp7ImVuYWJsZWQiOiJhdXRvIiwiYWN0aXZlIjoiYXV0byJ9fX0sImF1dG9UaHVtYm5haWwiOm51bGwsInBvc3RfbmFtZSI6ImZvcm1hdGlvbi1tYW5hZ2VtZW50LWRlLXByb2pldCIsInBvc3RfdHlwZSI6IjNkLWZsaXAtYm9vayJ9fSwicGFnZXMiOltdLCJmaXJzdFBhZ2VzIjpbXX0=');window.FB3D_CLIENT_LOCALE && FB3D_CLIENT_LOCALE.render && FB3D_CLIENT_LOCALE.render();<\/script><\/div><\/blockquote><\/figure>\n\n\n","protected":false},"excerpt":{"rendered":"<p>Ces formations permettront aux cadres de piloter et de mener \u00e0 bien leurs projets toute en appliquant les pratiques internationales. Le stagiaire pourra acqu\u00e9rir les fondamentaux du management de projet, du travail en mode projet et en \u00e9quipe. Conna\u00eetre les principes les m\u00e9thodes de planification et de ma\u00eetrise des co\u00fbts et des risques. Mais aussi<\/p>\n","protected":false},"author":3,"featured_media":0,"parent":0,"menu_order":8,"comment_status":"closed","ping_status":"closed","template":"page-templates\/template-left-sidebar.php","meta":{"footnotes":""},"yst_prominent_words":[],"class_list":["post-3361","page","type-page","status-publish","hentry"],"aioseo_notices":[],"_links":{"self":[{"href":"https:\/\/www.iff-ma.com\/en\/wp-json\/wp\/v2\/pages\/3361","targetHints":{"allow":["GET"]}}],"collection":[{"href":"https:\/\/www.iff-ma.com\/en\/wp-json\/wp\/v2\/pages"}],"about":[{"href":"https:\/\/www.iff-ma.com\/en\/wp-json\/wp\/v2\/types\/page"}],"author":[{"embeddable":true,"href":"https:\/\/www.iff-ma.com\/en\/wp-json\/wp\/v2\/users\/3"}],"replies":[{"embeddable":true,"href":"https:\/\/www.iff-ma.com\/en\/wp-json\/wp\/v2\/comments?post=3361"}],"version-history":[{"count":1,"href":"https:\/\/www.iff-ma.com\/en\/wp-json\/wp\/v2\/pages\/3361\/revisions"}],"predecessor-version":[{"id":3783,"href":"https:\/\/www.iff-ma.com\/en\/wp-json\/wp\/v2\/pages\/3361\/revisions\/3783"}],"wp:attachment":[{"href":"https:\/\/www.iff-ma.com\/en\/wp-json\/wp\/v2\/media?parent=3361"}],"wp:term":[{"taxonomy":"yst_prominent_words","embeddable":true,"href":"https:\/\/www.iff-ma.com\/en\/wp-json\/wp\/v2\/yst_prominent_words?post=3361"}],"curies":[{"name":"wp","href":"https:\/\/api.w.org\/{rel}","templated":true}]}}