{"id":3355,"date":"2016-12-28T15:43:46","date_gmt":"2016-12-28T14:43:46","guid":{"rendered":"http:\/\/localhost:8888\/iff?page_id=3355"},"modified":"2016-12-28T15:43:46","modified_gmt":"2016-12-28T14:43:46","slug":"ingenierie-pedagogique","status":"publish","type":"page","link":"https:\/\/www.iff-ma.com\/en\/ingenierie-pedagogique\/","title":{"rendered":"Ing\u00e9nierie p\u00e9dagogique"},"content":{"rendered":"<p>Un comit\u00e9 est mis en place pour la validation des programmes. Il est compos\u00e9 d\u2019experts ONCF et SNCF, appuy\u00e9 par un conseil de perfectionnement pr\u00e9sid\u00e9 par un professeur chevronn\u00e9 de l\u2019Ecole Mohammedia d\u2019Ing\u00e9nieurs de Rabat.<br \/>\nDes r\u00e9f\u00e9rents m\u00e9tiers SNCF et ONCF validant en permanence le niveau des formations et des pratiques p\u00e9dagogiques des formateurs.<br \/>\nDes formateurs issus de l\u2019ONCF et de SNCF, tous certifi\u00e9s par SNCF et ONCF, et des prestataires externes de qualit\u00e9.<\/p>\n<p><img loading=\"lazy\" decoding=\"async\" width=\"554\" height=\"279\" class=\"size-full wp-image-676 aligncenter\" src=\"http:\/\/www.iff-ma.com\/wp-content\/uploads\/2016\/12\/ingenierie-pedagogique.jpg\" alt=\"\" srcset=\"https:\/\/www.iff-ma.com\/wp-content\/uploads\/2016\/12\/ingenierie-pedagogique.jpg 554w, https:\/\/www.iff-ma.com\/wp-content\/uploads\/2016\/12\/ingenierie-pedagogique-300x151.jpg 300w, https:\/\/www.iff-ma.com\/wp-content\/uploads\/2016\/12\/ingenierie-pedagogique-100x50.jpg 100w\" sizes=\"auto, (max-width: 554px) 100vw, 554px\" \/><\/p>\n","protected":false},"excerpt":{"rendered":"<p>Un comit\u00e9 est mis en place pour la validation des programmes. Il est compos\u00e9 d\u2019experts ONCF et SNCF, appuy\u00e9 par un conseil de perfectionnement pr\u00e9sid\u00e9 par un professeur chevronn\u00e9 de l\u2019Ecole Mohammedia d\u2019Ing\u00e9nieurs de Rabat. Des r\u00e9f\u00e9rents m\u00e9tiers SNCF et ONCF validant en permanence le niveau des formations et des pratiques p\u00e9dagogiques des formateurs. Des<\/p>\n","protected":false},"author":3,"featured_media":0,"parent":0,"menu_order":0,"comment_status":"closed","ping_status":"closed","template":"page-templates\/template-left-sidebar.php","meta":{"footnotes":""},"yst_prominent_words":[],"class_list":["post-3355","page","type-page","status-publish","hentry"],"aioseo_notices":[],"_links":{"self":[{"href":"https:\/\/www.iff-ma.com\/en\/wp-json\/wp\/v2\/pages\/3355","targetHints":{"allow":["GET"]}}],"collection":[{"href":"https:\/\/www.iff-ma.com\/en\/wp-json\/wp\/v2\/pages"}],"about":[{"href":"https:\/\/www.iff-ma.com\/en\/wp-json\/wp\/v2\/types\/page"}],"author":[{"embeddable":true,"href":"https:\/\/www.iff-ma.com\/en\/wp-json\/wp\/v2\/users\/3"}],"replies":[{"embeddable":true,"href":"https:\/\/www.iff-ma.com\/en\/wp-json\/wp\/v2\/comments?post=3355"}],"version-history":[{"count":0,"href":"https:\/\/www.iff-ma.com\/en\/wp-json\/wp\/v2\/pages\/3355\/revisions"}],"wp:attachment":[{"href":"https:\/\/www.iff-ma.com\/en\/wp-json\/wp\/v2\/media?parent=3355"}],"wp:term":[{"taxonomy":"yst_prominent_words","embeddable":true,"href":"https:\/\/www.iff-ma.com\/en\/wp-json\/wp\/v2\/yst_prominent_words?post=3355"}],"curies":[{"name":"wp","href":"https:\/\/api.w.org\/{rel}","templated":true}]}}