{"id":3351,"date":"2016-12-28T15:02:43","date_gmt":"2016-12-28T14:02:43","guid":{"rendered":"http:\/\/localhost:8888\/iff?page_id=3351"},"modified":"2016-12-28T15:02:43","modified_gmt":"2016-12-28T14:02:43","slug":"guide-stagiaire-sncf-2","status":"publish","type":"page","link":"https:\/\/www.iff-ma.com\/en\/guide-stagiaire-sncf-2\/","title":{"rendered":"GUIDE STAGIAIRE ONCF"},"content":{"rendered":"<p><strong>Logement <\/strong><\/p>\n<p style=\"text-align: justify;\">Les stagiaires n\u2019habitant pas Rabat ont droit \u00e0 un logement \u00e0 la r\u00e9sidence universitaire de l\u2019Universit\u00e9 Internationale de Rabat.<\/p>\n<p style=\"text-align: justify;\">Les r\u00e9sidences universitaires de l\u2019UIR proposent une offre de logement moderne qui r\u00e9pond \u00e0 toutes les normes en vigueur et comportent des salles de travail et de d\u00e9tente, un service de gardiennage 24\/24h, etc. Toutes les chambres sont dot\u00e9es de connexion wifi gratuite,<\/p>\n<p style=\"text-align: justify;\">Des espaces verts ont \u00e9t\u00e9 \u00e9galement am\u00e9nag\u00e9s tout autour des r\u00e9sidences universitaires afin d\u2019offrir toutes les conditions pour le bien-\u00eatre des \u00e9tudiants.<\/p>\n<p style=\"text-align: justify;\">Les horaires d&#8217;acc\u00e8s de la cit\u00e9 universitaire sont de 6h 00 \u00e0 minuit et les horaires de visites, de 8h00 \u00e0 20h00.<\/p>\n<p>&nbsp;<\/p>\n<p>&nbsp;<\/p>\n\n\t\t<div id='gallery-1' class='gallery galleryid-3351 gallery-columns-2 gallery-size-medium'><dl class='gallery-item'><dt class='gallery-icon'><a href=\"https:\/\/www.iff-ma.com\/wp-content\/uploads\/2016\/12\/gs1.jpg\" rel=\"prettyPhoto[gallery-]\" title=\"gs1\"><img decoding=\"async\" src=\"https:\/\/www.iff-ma.com\/wp-content\/uploads\/2016\/12\/gs1.jpg\" alt=\"\" \/><\/a><\/dt><\/dl><dl class='gallery-item'><dt class='gallery-icon'><a href=\"https:\/\/www.iff-ma.com\/wp-content\/uploads\/2016\/12\/gs2.jpg\" rel=\"prettyPhoto[gallery-]\" title=\"gs2\"><img decoding=\"async\" src=\"https:\/\/www.iff-ma.com\/wp-content\/uploads\/2016\/12\/gs2.jpg\" alt=\"\" \/><\/a><\/dt><\/dl>\n\t\t\t<br style='clear: both;' \/>\n\t\t<\/div>\n\n<p>&nbsp;<\/p>\n<p style=\"text-align: justify;\"><strong>Adresse :<\/strong> Universit\u00e9 Internationale de Rabat Technopolis Rabat-Shore Rocade Rabat-Sal\u00e9<br \/>\nPour plus d\u2019informations visitez le site de l\u2019UIR : www.uir.ac.ma<\/p>\n<p style=\"text-align: justify;\"><strong>Transport :<\/strong><br \/>\nUn bus est mis \u00e0 la disposition des stagiaires, il assure le transport de l\u2019UIR \u00e0 l\u2019IFF le matin et de l\u2019IFF \u00e0 l\u2019UIR \u00e0 la fin de la journ\u00e9e de formation.<\/p>\n<p style=\"text-align: justify;\">\n<strong>Restauration :<\/strong><br \/>\nPetit d\u00e9jeuner et diner : servis au restaurant universitaire de l\u2019UIR situ\u00e9 au b\u00e2timent de la formation continue qui se trouve pr\u00e8s des r\u00e9sidences.<br \/>\n\u2022 Petit d\u00e9jeuner : 7h15-9h00<br \/>\n\u2022 D\u00eener : 19h00-20h45<\/p>\n<p style=\"text-align: justify;\">Le d\u00e9jeuner quant \u00e0 lui est servi au restaurant self-service de l\u2019IFF.<\/p>\n","protected":false},"excerpt":{"rendered":"<p>Logement Les stagiaires n\u2019habitant pas Rabat ont droit \u00e0 un logement \u00e0 la r\u00e9sidence universitaire de l\u2019Universit\u00e9 Internationale de Rabat. Les r\u00e9sidences universitaires de l\u2019UIR proposent une offre de logement moderne qui r\u00e9pond \u00e0 toutes les normes en vigueur et comportent des salles de travail et de d\u00e9tente, un service de gardiennage 24\/24h, etc. Toutes<\/p>\n","protected":false},"author":3,"featured_media":0,"parent":0,"menu_order":0,"comment_status":"closed","ping_status":"closed","template":"page-templates\/template-left-sidebar.php","meta":{"footnotes":""},"yst_prominent_words":[],"class_list":["post-3351","page","type-page","status-publish","hentry"],"aioseo_notices":[],"_links":{"self":[{"href":"https:\/\/www.iff-ma.com\/en\/wp-json\/wp\/v2\/pages\/3351","targetHints":{"allow":["GET"]}}],"collection":[{"href":"https:\/\/www.iff-ma.com\/en\/wp-json\/wp\/v2\/pages"}],"about":[{"href":"https:\/\/www.iff-ma.com\/en\/wp-json\/wp\/v2\/types\/page"}],"author":[{"embeddable":true,"href":"https:\/\/www.iff-ma.com\/en\/wp-json\/wp\/v2\/users\/3"}],"replies":[{"embeddable":true,"href":"https:\/\/www.iff-ma.com\/en\/wp-json\/wp\/v2\/comments?post=3351"}],"version-history":[{"count":0,"href":"https:\/\/www.iff-ma.com\/en\/wp-json\/wp\/v2\/pages\/3351\/revisions"}],"wp:attachment":[{"href":"https:\/\/www.iff-ma.com\/en\/wp-json\/wp\/v2\/media?parent=3351"}],"wp:term":[{"taxonomy":"yst_prominent_words","embeddable":true,"href":"https:\/\/www.iff-ma.com\/en\/wp-json\/wp\/v2\/yst_prominent_words?post=3351"}],"curies":[{"name":"wp","href":"https:\/\/api.w.org\/{rel}","templated":true}]}}