{"id":3349,"date":"2016-12-28T14:58:58","date_gmt":"2016-12-28T13:58:58","guid":{"rendered":"http:\/\/localhost:8888\/iff?page_id=3349"},"modified":"2016-12-28T14:58:58","modified_gmt":"2016-12-28T13:58:58","slug":"galerie","status":"publish","type":"page","link":"https:\/\/www.iff-ma.com\/en\/galerie\/","title":{"rendered":"Galerie"},"content":{"rendered":"<p>&nbsp;<\/p>\n<div id=\"plusgallery_15497322971489590783\" class=\"plusgallery plus-wp-gallery no-touch pg loaded\" data-cl=\"plusgallery\" data-auto-zoom=\"no\" data-type=\"wp_gallery\" data-include=\"\" data-exclude=\"\" data-album-url=\"\/iff\/wp-admin\/admin-ajax.php?action=pg_plusgallery_album&amp;data=albums\" data-caption-length=\"500\" data-image-path=\"http:\/\/www.iff-ma.com\/wp-content\/plugins\/dt_plusgallery\/assets\/images\/plusgallery\">\n<ul id=\"pgalbums\" class=\"clearfix isotope\" style=\"position: relative; height: 1047.92px;\">\n<li class=\"pgalbumthumb item visites-de-terrain\" data-category=\"visites-de-terrain\" style=\"position: absolute; left: 0px; top: 0px;\"><a class=\"pgalbumlink\" href=\"http:\/\/www.iff-ma.com\/?page_id=766\"><img decoding=\"async\" src=\"http:\/\/www.iff-ma.com\/wp-content\/plugins\/dt_plusgallery\/assets\/images\/plusgallery\/square.png\" style=\"background-image: url(http:\/\/www.iff-ma.com\/wp-content\/uploads\/2017\/02\/IMG_6131-400x400.jpg);\" title=\"Visite Casa voyageurs juin 2016\" class=\"pgalbumimg\"><span style=\"display:none;\">Visite Casa voyageurs juin 2016<\/span><span class=\"pgplus\">+<\/span><\/a><span class=\"pgalbumtitle\">VISITES DE TERRAINS<\/span><\/li>\n<li class=\"pgalbumthumb item visites-de-terrain\" data-category=\"visites-de-terrain\" style=\"position: absolute; left: 174px; top: 0px;\"><a class=\"pgalbumlink\" href=\"http:\/\/www.iff-ma.com\/?page_id=761\"><img decoding=\"async\" src=\"http:\/\/www.iff-ma.com\/wp-content\/plugins\/dt_plusgallery\/assets\/images\/plusgallery\/square.png\" style=\"background-image: url(http:\/\/www.iff-ma.com\/wp-content\/uploads\/2017\/02\/TAM_4534-150x150.jpg);\" title=\"1er colloque IFF - OCTOBRE 2015\" class=\"pgalbumimg\"><span style=\"display:none;\">Visite site ONCF Janvier 2017<\/span><span class=\"pgplus\">+<\/span><\/a><span class=\"pgalbumtitle\">EVENEMENTS MARQUANTS<\/span><\/li>\n<li class=\"pgalbumthumb item evenements-marquants\" data-category=\"evenements-marquants\" style=\"position: absolute; left: 349px; top: 0px;\"><a class=\"pgalbumlink\" href=\"http:\/\/www.iff-ma.com\/?page_id=757\"><img decoding=\"async\" src=\"http:\/\/www.iff-ma.com\/wp-content\/plugins\/dt_plusgallery\/assets\/images\/plusgallery\/square.png\" style=\"background-image: url(http:\/\/www.iff-ma.com\/wp-content\/uploads\/2017\/02\/MICALLEF_IRSC-2016-WEB_138-400x400.jpg);\" title=\"INTERNATIONAL RAILWAY SAFETY COUNCIL SEPTEMBRE 2016\" class=\"pgalbumimg\"><span style=\"display:none;\">Ouverture de l\u2019IFF Mars 2015<\/span><span class=\"pgplus\">+<\/span><\/a><span class=\"pgalbumtitle\">Salons et expositions<\/span><\/li>\n<li class=\"pgalbumthumb item evenements-marquants\" data-category=\"evenements-marquants\" style=\"position: absolute; left: 523px; top: 0px;\"><a class=\"pgalbumlink\" href=\"http:\/\/www.iff-ma.com\/?page_id=753\"><img decoding=\"async\" src=\"http:\/\/www.iff-ma.com\/wp-content\/plugins\/dt_plusgallery\/assets\/images\/plusgallery\/square.png\" style=\"background-image: url(http:\/\/www.iff-ma.com\/wp-content\/uploads\/2017\/02\/TP-frein-1-400x400.jpg);\" title=\"TRAVAUX PRATIQUES FREIN\" class=\"pgalbumimg\"><span style=\"display:none;\">Visite D\u00e9l\u00e9gation S\u00e9n\u00e9gal-JUIN 2015<\/span><span class=\"pgplus\">+<\/span><\/a><span class=\"pgalbumtitle\">OUTILS PEDAGOGIQUES<\/span><\/li>\n<li class=\"pgalbumthumb item evenements-marquants\" data-category=\"evenements-marquants\" style=\"position: absolute; left: 0px; top: 256px;\"><a class=\"pgalbumlink\" href=\"http:\/\/www.iff-ma.com\/?page_id=750\"><img decoding=\"async\" src=\"http:\/\/www.iff-ma.com\/wp-content\/plugins\/dt_plusgallery\/assets\/images\/plusgallery\/square.png\" style=\"background-image: url(http:\/\/www.iff-ma.com\/wp-content\/uploads\/2017\/03\/DSC_0112-400x400.jpg);\" title=\"SALLES DE FORMATION\" class=\"pgalbumimg\"><span style=\"display:none;\">1er colloque IFF \u2013 OCTOBRE 2015<\/span><span class=\"pgplus\">+<\/span><\/a><span class=\"pgalbumtitle\">FACILITES OFFERTES<\/span><\/li>\n<\/ul>\n<div id=\"pgthumbview\">\n<ul id=\"pgthumbcrumbs\" class=\"clearfix\">\n<li id=\"pgthumbhome\">\u00ab<\/li>\n<\/ul>\n<ul id=\"pgthumbs\" class=\"clearfix\"><\/ul>\n<\/div>\n<\/div>\n","protected":false},"excerpt":{"rendered":"<p>&nbsp; Visite Casa voyageurs juin 2016+VISITES DE TERRAINS Visite site ONCF Janvier 2017+EVENEMENTS MARQUANTS Ouverture de l\u2019IFF Mars 2015+Salons et expositions Visite D\u00e9l\u00e9gation S\u00e9n\u00e9gal-JUIN 2015+OUTILS PEDAGOGIQUES 1er colloque IFF \u2013 OCTOBRE 2015+FACILITES OFFERTES \u00ab<\/p>\n","protected":false},"author":3,"featured_media":0,"parent":0,"menu_order":0,"comment_status":"closed","ping_status":"closed","template":"page-templates\/template-left-sidebar.php","meta":{"footnotes":""},"yst_prominent_words":[],"class_list":["post-3349","page","type-page","status-publish","hentry"],"aioseo_notices":[],"_links":{"self":[{"href":"https:\/\/www.iff-ma.com\/en\/wp-json\/wp\/v2\/pages\/3349","targetHints":{"allow":["GET"]}}],"collection":[{"href":"https:\/\/www.iff-ma.com\/en\/wp-json\/wp\/v2\/pages"}],"about":[{"href":"https:\/\/www.iff-ma.com\/en\/wp-json\/wp\/v2\/types\/page"}],"author":[{"embeddable":true,"href":"https:\/\/www.iff-ma.com\/en\/wp-json\/wp\/v2\/users\/3"}],"replies":[{"embeddable":true,"href":"https:\/\/www.iff-ma.com\/en\/wp-json\/wp\/v2\/comments?post=3349"}],"version-history":[{"count":0,"href":"https:\/\/www.iff-ma.com\/en\/wp-json\/wp\/v2\/pages\/3349\/revisions"}],"wp:attachment":[{"href":"https:\/\/www.iff-ma.com\/en\/wp-json\/wp\/v2\/media?parent=3349"}],"wp:term":[{"taxonomy":"yst_prominent_words","embeddable":true,"href":"https:\/\/www.iff-ma.com\/en\/wp-json\/wp\/v2\/yst_prominent_words?post=3349"}],"curies":[{"name":"wp","href":"https:\/\/api.w.org\/{rel}","templated":true}]}}