{"id":3347,"date":"2016-12-28T16:01:10","date_gmt":"2016-12-28T15:01:10","guid":{"rendered":"http:\/\/localhost:8888\/iff?page_id=3347"},"modified":"2020-05-29T08:07:59","modified_gmt":"2020-05-29T06:07:59","slug":"fret-logistique-2","status":"publish","type":"page","link":"https:\/\/www.iff-ma.com\/en\/fret-logistique-2\/","title":{"rendered":"Freight and logistics"},"content":{"rendered":"<p>Cette formation permettra aux stagiaires de conna\u00eetre les fondements de la logistique, de ma\u00eetriser le langage du m\u00e9tier, de s\u2019initier aux op\u00e9rations et tenir compte des contraintes li\u00e9es au m\u00e9tier de la logistique et de d\u00e9finir les r\u00e8gles th\u00e9oriques qui fixent la strat\u00e9gie d\u2019implantation, de d\u00e9veloppement et de gestion d\u2019un entrep\u00f4t logistique.<\/p>\n<p>Elle permettra aussi de conna\u00eetre l\u2019ensemble des utilisations des outils informatiques relatifs aux op\u00e9rations douani\u00e8res, des op\u00e9rations de gestion de flux, des op\u00e9rations de pr\u00e9paration des commandes clients, de calculer et optimiser l\u2019ensemble des co\u00fbts \u00e0 l\u2019unit\u00e9 de production logistique, de ma\u00eetriser les co\u00fbts de la gestion et de la production (notamment la gestion op\u00e9rationnelle de la cha\u00eene de production, l\u2019am\u00e9lioration continue, et la gestion et rationalisation des ressources). D\u00e9velopper une relation commerciale Win Win.<\/p>\n<p>In Fine, Les stagiaires pourront \u00e9laborer un plan de prospection et appliquer les m\u00e9thodes de pr\u00e9paration d\u2019entretiens de prospection et de vente.<\/p>\n\n\n<figure class=\"wp-block-image size-large\"><a href=\"http:\/\/www.iff-ma.com\/wp-content\/uploads\/2018\/02\/FRE\u0302T-LOGISTIQUE.jpg\" rel=\"prettyphoto\"><img loading=\"lazy\" decoding=\"async\" width=\"1024\" height=\"683\" src=\"http:\/\/www.iff-ma.com\/wp-content\/uploads\/2018\/02\/FRE\u0302T-LOGISTIQUE-1024x683.jpg\" alt=\"\" class=\"wp-image-1281\" srcset=\"https:\/\/www.iff-ma.com\/wp-content\/uploads\/2018\/02\/FRE\u0302T-LOGISTIQUE-1024x683.jpg 1024w, https:\/\/www.iff-ma.com\/wp-content\/uploads\/2018\/02\/FRE\u0302T-LOGISTIQUE-300x200.jpg 300w, https:\/\/www.iff-ma.com\/wp-content\/uploads\/2018\/02\/FRE\u0302T-LOGISTIQUE-768x512.jpg 768w, https:\/\/www.iff-ma.com\/wp-content\/uploads\/2018\/02\/FRE\u0302T-LOGISTIQUE-100x67.jpg 100w, https:\/\/www.iff-ma.com\/wp-content\/uploads\/2018\/02\/FRE\u0302T-LOGISTIQUE-330x220.jpg 330w, https:\/\/www.iff-ma.com\/wp-content\/uploads\/2018\/02\/FRE\u0302T-LOGISTIQUE-450x300.jpg 450w, https:\/\/www.iff-ma.com\/wp-content\/uploads\/2018\/02\/FRE\u0302T-LOGISTIQUE.jpg 1440w\" sizes=\"auto, (max-width: 1024px) 100vw, 1024px\" \/><\/a><\/figure>\n\n\n\n<figure class=\"wp-block-table\"><table><tbody><tr><td>IFF FL01<\/td><td>Initiation aux activit\u00e9s et m\u00e9tiers de la logistique<\/td><td><a rel=\"noreferrer noopener\" href=\"http:\/\/www.iff-ma.com\/wp-content\/uploads\/2020\/05\/fl01.pdf\" target=\"_blank\">Voir la fiche<\/a><\/td><\/tr><tr><td>IFF FL02<\/td><td>Responsable entrepots logistiques<\/td><td><a rel=\"noreferrer noopener\" href=\"http:\/\/www.iff-ma.com\/wp-content\/uploads\/2020\/05\/fl02.pdf\" target=\"_blank\">Voir la fiche<\/a><\/td><\/tr><tr><td>IFF FL03<\/td><td>Gestionnaire d\u2019operations douani\u00e8res sur site logistique ferroviaire<\/td><td><a rel=\"noreferrer noopener\" href=\"http:\/\/www.iff-ma.com\/wp-content\/uploads\/2020\/05\/fl03.pdf\" target=\"_blank\">Voir la fiche<\/a><\/td><\/tr><tr><td>IFF FL04<\/td><td>Processus de production<\/td><td><a rel=\"noreferrer noopener\" href=\"http:\/\/www.iff-ma.com\/wp-content\/uploads\/2020\/05\/fl04.pdf\" target=\"_blank\">Voir la fiche<\/a><\/td><\/tr><tr><td>IFF FL06<\/td><td>Techniques de communication commerciale<\/td><td><a rel=\"noreferrer noopener\" href=\"http:\/\/www.iff-ma.com\/wp-content\/uploads\/2020\/05\/FL06.pdf\" target=\"_blank\">Voir la fiche<\/a><\/td><\/tr><tr><td>IFF FL07<\/td><td>Techniques de prospection de vente<\/td><td><a rel=\"noreferrer noopener\" href=\"http:\/\/www.iff-ma.com\/wp-content\/uploads\/2020\/05\/FL07.pdf\" target=\"_blank\">Voir la fiche<\/a><\/td><\/tr><tr><td>IFF FL08<\/td><td>Economie et organisation du transport ferroviaire de marchandises<\/td><td><a rel=\"noreferrer noopener\" href=\"http:\/\/www.iff-ma.com\/wp-content\/uploads\/2020\/05\/FL08.pdf\" target=\"_blank\">Voir la fiche<\/a><\/td><\/tr><\/tbody><\/table><\/figure>\n\n\n\n<figure class=\"wp-block-pullquote\"><blockquote><div class=\"wp-block-file iff_btn\">T\u00e9l\u00e9charger le catalogue FRET Logistique<br><br><br><div class=\"_3d-flip-book  fb3d-thumbnail-lightbox-mode\" data-id=\"3186\" data-mode=\"thumbnail-lightbox\" data-title=\"false\" data-template=\"short-white-book-view\" data-lightbox=\"dark\" data-urlparam=\"fb3d-page\" data-page-n=\"0\" data-pdf=\"\" data-tax=\"null\" data-thumbnail=\"\" data-cols=\"3\" data-book-template=\"default\" data-trigger=\"\"><\/div><script type=\"text\/javascript\">window.FB3D_CLIENT_DATA = window.FB3D_CLIENT_DATA || [];FB3D_CLIENT_DATA.push('eyJwb3N0cyI6eyI0MTI2Ijp7IklEIjo0MTI2LCJ0aXRsZSI6IkZvcm1hdGlvbiAtIEZSRVQgTG9naXN0aXF1ZSIsInR5cGUiOiJwZGYiLCJyZWFkeV9mdW5jdGlvbiI6IiIsImJvb2tfc3R5bGUiOiJ2b2x1bWUiLCJib29rX3RlbXBsYXRlIjoibm9uZSIsIm91dGxpbmUiOltdLCJkYXRhIjp7InBvc3RfSUQiOiI0MTI3IiwiZ3VpZCI6Imh0dHA6XC9cL3d3dy5pZmYtbWEuY29tXC93cC1jb250ZW50XC91cGxvYWRzXC8yMDIwXC8wNVwvZnJldF9sb2dpc3RpcXVlLTEucGRmIiwicGRmX3BhZ2VzIjoiMjEiLCJwYWdlc19jdXN0b21pemF0aW9uIjoibm9uZSJ9LCJ0aHVtYm5haWwiOnsiZGF0YSI6eyJwb3N0X0lEIjoiMCJ9LCJ0eXBlIjoiYXV0byJ9LCJwcm9wcyI6eyJoZWlnaHQiOiJhdXRvIiwid2lkdGgiOiJhdXRvIiwiZ3Jhdml0eSI6ImF1dG8iLCJjYWNoZWRQYWdlcyI6ImF1dG8iLCJyZW5kZXJJbmFjdGl2ZVBhZ2VzIjoiYXV0byIsInJlbmRlckluYWN0aXZlUGFnZXNPbk1vYmlsZSI6ImF1dG8iLCJyZW5kZXJXaGlsZUZsaXBwaW5nIjoiYXV0byIsInBhZ2VzRm9yUHJlZGljdGluZyI6ImF1dG8iLCJwcmVsb2FkUGFnZXMiOiJhdXRvIiwicnRsIjoiYXV0byIsInNoZWV0Ijp7InN0YXJ0VmVsb2NpdHkiOiJhdXRvIiwiY29ybmVyRGV2aWF0aW9uIjoiYXV0byIsImZsZXhpYmlsaXR5IjoiYXV0byIsImZsZXhpYmxlQ29ybmVyIjoiYXV0byIsImJlbmRpbmciOiJhdXRvIiwid2F2ZSI6ImF1dG8iLCJ3aWR0aFRleGVscyI6ImF1dG8iLCJoZWlnaHRUZXhlbHMiOiJhdXRvIiwiY29sb3IiOiJhdXRvIn0sImNvdmVyIjp7InN0YXJ0VmVsb2NpdHkiOiJhdXRvIiwiZmxleGliaWxpdHkiOiJhdXRvIiwiZmxleGlibGVDb3JuZXIiOiJhdXRvIiwiYmVuZGluZyI6ImF1dG8iLCJ3YXZlIjoiYXV0byIsIndpZHRoVGV4ZWxzIjoiYXV0byIsImhlaWdodFRleGVscyI6ImF1dG8iLCJjb2xvciI6ImF1dG8iLCJiaW5kZXJUZXh0dXJlIjoiYXV0byIsImRlcHRoIjoiYXV0byIsInBhZGRpbmciOiJhdXRvIiwibWFzcyI6ImF1dG8ifSwicGFnZSI6eyJzdGFydFZlbG9jaXR5IjoiYXV0byIsImZsZXhpYmlsaXR5IjoiYXV0byIsImZsZXhpYmxlQ29ybmVyIjoiYXV0byIsImJlbmRpbmciOiJhdXRvIiwid2F2ZSI6ImF1dG8iLCJ3aWR0aFRleGVscyI6ImF1dG8iLCJoZWlnaHRUZXhlbHMiOiJhdXRvIiwiY29sb3IiOiJhdXRvIiwiZGVwdGgiOiJhdXRvIiwibWFzcyI6ImF1dG8ifX0sImNvbnRyb2xQcm9wcyI6eyJhY3Rpb25zIjp7ImNtZFNhdmUiOnsiZW5hYmxlZCI6ImF1dG8ifSwiY21kUHJpbnQiOnsiZW5hYmxlZCI6ImF1dG8ifSwiY21kU2luZ2xlUGFnZSI6eyJlbmFibGVkIjoiYXV0byIsImFjdGl2ZSI6ImF1dG8ifX19LCJhdXRvVGh1bWJuYWlsIjpudWxsLCJwb3N0X25hbWUiOiJmb3JtYXRpb24tZnJldC1sb2dpc3RpcXVlIiwicG9zdF90eXBlIjoiM2QtZmxpcC1ib29rIn19LCJwYWdlcyI6W10sImZpcnN0UGFnZXMiOltdfQ==');window.FB3D_CLIENT_LOCALE && FB3D_CLIENT_LOCALE.render && FB3D_CLIENT_LOCALE.render();<\/script><\/div><\/blockquote><\/figure>\n","protected":false},"excerpt":{"rendered":"<p>Cette formation permettra aux stagiaires de conna\u00eetre les fondements de la logistique, de ma\u00eetriser le langage du m\u00e9tier, de s\u2019initier aux op\u00e9rations et tenir compte des contraintes li\u00e9es au m\u00e9tier de la logistique et de d\u00e9finir les r\u00e8gles th\u00e9oriques qui fixent la strat\u00e9gie d\u2019implantation, de d\u00e9veloppement et de gestion d\u2019un entrep\u00f4t logistique. Elle permettra aussi<\/p>\n","protected":false},"author":3,"featured_media":0,"parent":0,"menu_order":6,"comment_status":"closed","ping_status":"closed","template":"page-templates\/template-left-sidebar.php","meta":{"footnotes":""},"yst_prominent_words":[],"class_list":["post-3347","page","type-page","status-publish","hentry"],"aioseo_notices":[],"_links":{"self":[{"href":"https:\/\/www.iff-ma.com\/en\/wp-json\/wp\/v2\/pages\/3347","targetHints":{"allow":["GET"]}}],"collection":[{"href":"https:\/\/www.iff-ma.com\/en\/wp-json\/wp\/v2\/pages"}],"about":[{"href":"https:\/\/www.iff-ma.com\/en\/wp-json\/wp\/v2\/types\/page"}],"author":[{"embeddable":true,"href":"https:\/\/www.iff-ma.com\/en\/wp-json\/wp\/v2\/users\/3"}],"replies":[{"embeddable":true,"href":"https:\/\/www.iff-ma.com\/en\/wp-json\/wp\/v2\/comments?post=3347"}],"version-history":[{"count":1,"href":"https:\/\/www.iff-ma.com\/en\/wp-json\/wp\/v2\/pages\/3347\/revisions"}],"predecessor-version":[{"id":3780,"href":"https:\/\/www.iff-ma.com\/en\/wp-json\/wp\/v2\/pages\/3347\/revisions\/3780"}],"wp:attachment":[{"href":"https:\/\/www.iff-ma.com\/en\/wp-json\/wp\/v2\/media?parent=3347"}],"wp:term":[{"taxonomy":"yst_prominent_words","embeddable":true,"href":"https:\/\/www.iff-ma.com\/en\/wp-json\/wp\/v2\/yst_prominent_words?post=3347"}],"curies":[{"name":"wp","href":"https:\/\/api.w.org\/{rel}","templated":true}]}}