{"id":3346,"date":"2016-12-28T17:00:34","date_gmt":"2016-12-28T16:00:34","guid":{"rendered":"http:\/\/localhost:8888\/iff?page_id=3346"},"modified":"2020-05-29T08:13:15","modified_gmt":"2020-05-29T06:13:15","slug":"formations-transverses-2","status":"publish","type":"page","link":"https:\/\/www.iff-ma.com\/en\/formations-transverses-2\/","title":{"rendered":"Cross-training"},"content":{"rendered":"<p>Les formations transverses permettent aux stagiaires de manager individuellement leurs collaborateurs (feedback, \u00e9coute, motivation\u2026), d\u2019animer et diriger leurs \u00e9quipes (choix des priorit\u00e9s, coop\u00e9ration, r\u00e9unions, n\u00e9gociations\u2026), \u00eatre un relais entre la direction et les agents (communication de la strat\u00e9gie\u2026), g\u00e9rer les situations difficiles (recadrage, stress, conflits\u2026) mais aussi clarifier et affermir sa position de manager au sein de son environnement ou bien m\u00eame comprendre et utiliser les outils de management visuel.<\/p>\n<p>Une d\u00e9marche p\u00e9dagogique innovante de type Blended Learning sera mis en \u0153uvre \u00e0 travers des modules digitaux, en classe et des micro modules digitaux favorisant l\u2019ancrage apr\u00e8s la formation.<\/p>\n\n\n<figure class=\"wp-block-image size-large\"><a href=\"http:\/\/www.iff-ma.com\/wp-content\/uploads\/2020\/05\/Sans-titre-e1589328041927.png\" rel=\"prettyphoto\"><img loading=\"lazy\" decoding=\"async\" width=\"1024\" height=\"535\" src=\"http:\/\/www.iff-ma.com\/wp-content\/uploads\/2020\/05\/Sans-titre-e1589327522701-1024x535.png\" alt=\"\" class=\"wp-image-2881\"\/><\/a><\/figure>\n\n\n\n<h3 class=\"wp-block-heading\">1. <strong>Formation&nbsp;manag\u00e9riale<\/strong><\/h3>\n\n\n\n<figure class=\"wp-block-table\"><table><tbody><tr><td width=\"100\">IFF TV 103<\/td><td>Dimensions Chef d\u2019\u00e9quipe<\/td><td width=\"100\"><a rel=\"noreferrer noopener\" href=\"http:\/\/www.iff-ma.com\/wp-content\/uploads\/2020\/05\/TV103.pdf\" target=\"_blank\">Voir la fiche<\/a><\/td><\/tr><tr><td>IFF TV 10<\/td><td>Dimension Manager<\/td><td><a rel=\"noreferrer noopener\" href=\"http:\/\/www.iff-ma.com\/wp-content\/uploads\/2020\/05\/TV10.pdf\" target=\"_blank\">Voir la fiche<\/a><\/td><\/tr><tr><td>IFF TV 101<\/td><td>De Manager \u00e0 Leader<\/td><td><a rel=\"noreferrer noopener\" href=\"http:\/\/www.iff-ma.com\/wp-content\/uploads\/2020\/05\/TV101.pdf\" target=\"_blank\">Voir la fiche<\/a><\/td><\/tr><\/tbody><\/table><\/figure>\n\n\n\n<figure class=\"wp-block-table\"><table><tbody><tr><td width=\"100\">IFF TV 11<\/td><td>Dimensions Leadership<\/td><td width=\"100\"><a rel=\"noreferrer noopener\" href=\"http:\/\/www.iff-ma.com\/wp-content\/uploads\/2020\/05\/TV11.pdf\" target=\"_blank\">Voir la fiche<\/a><\/td><\/tr><tr><td>IFF TV 15<\/td><td>Communiquer avec impact<\/td><td><a rel=\"noreferrer noopener\" href=\"http:\/\/www.iff-ma.com\/wp-content\/uploads\/2020\/05\/TV15.pdf\" target=\"_blank\">Voir la fiche<\/a><\/td><\/tr><tr><td>IFF TV 07<\/td><td>Learning Expedition<\/td><td><a rel=\"noreferrer noopener\" href=\"http:\/\/www.iff-ma.com\/wp-content\/uploads\/2020\/05\/TV07.pdf\" target=\"_blank\">Voir la fiche<\/a><\/td><\/tr><\/tbody><\/table><\/figure>\n\n\n\n<h3 class=\"wp-block-heading\">2. <strong>Formation&nbsp;en Management de la s\u00e9curit\u00e9 ferroviaire<\/strong><\/h3>\n\n\n\n<figure class=\"wp-block-table\"><table><tbody><tr><td width=\"100\">IFF TV 12<\/td><td>Syst\u00e8me de Management de la s\u00e9curit\u00e9<\/td><td width=\"100\"><a rel=\"noreferrer noopener\" href=\"http:\/\/www.iff-ma.com\/wp-content\/uploads\/2020\/05\/TV12.pdf\" target=\"_blank\">Voir la fiche<\/a><\/td><\/tr><tr><td>IFF TV 13<\/td><td>Management de la s\u00e9curit\u00e9 au sein d\u2019un \u00e9tablissement ferroviaire<\/td><td><\/td><\/tr><\/tbody><\/table><\/figure>\n\n\n\n<h3 class=\"wp-block-heading\">3. <strong>Autres&nbsp;formations<\/strong><\/h3>\n\n\n\n<figure class=\"wp-block-table\"><table><tbody><tr><td width=\"100\">IFF TV 14<\/td><td>D\u00e9veloppement durable et RSE<\/td><td width=\"100\"><a rel=\"noreferrer noopener\" href=\"http:\/\/www.iff-ma.com\/wp-content\/uploads\/2020\/05\/TV14.pdf\" target=\"_blank\">Voir la fiche<\/a><\/td><\/tr><tr><td>IFF TV 104<\/td><td>Secourisme et Lutte contre l\u2019incendie<\/td><td><a rel=\"noreferrer noopener\" href=\"http:\/\/www.iff-ma.com\/wp-content\/uploads\/2020\/05\/TV104.pdf\" target=\"_blank\">Voir la fiche<\/a><\/td><\/tr><\/tbody><\/table><\/figure>\n\n\n\n<figure class=\"wp-block-pullquote\"><blockquote><div class=\"wp-block-file iff_btn\">T\u00e9l\u00e9charger le catalogue Formations transverses<br><br><br><div class=\"_3d-flip-book  fb3d-thumbnail-lightbox-mode\" data-id=\"3207\" data-mode=\"thumbnail-lightbox\" data-title=\"false\" data-template=\"short-white-book-view\" data-lightbox=\"dark\" data-urlparam=\"fb3d-page\" data-page-n=\"0\" data-pdf=\"\" data-tax=\"null\" data-thumbnail=\"\" data-cols=\"3\" data-book-template=\"default\" data-trigger=\"\"><\/div><script type=\"text\/javascript\">window.FB3D_CLIENT_DATA = window.FB3D_CLIENT_DATA || [];FB3D_CLIENT_DATA.push('eyJwb3N0cyI6eyI0MTQxIjp7IklEIjo0MTQxLCJ0aXRsZSI6IkZvcm1hdGlvbiAtIEZvcm1hdGlvbnMgdHJhbnN2ZXJzZXMiLCJ0eXBlIjoicGRmIiwicmVhZHlfZnVuY3Rpb24iOiIiLCJib29rX3N0eWxlIjoidm9sdW1lIiwiYm9va190ZW1wbGF0ZSI6Im5vbmUiLCJvdXRsaW5lIjpbXSwiZGF0YSI6eyJwb3N0X0lEIjoiNDYwNSIsImd1aWQiOiJodHRwczpcL1wvd3d3LmlmZi1tYS5jb21cL3dwLWNvbnRlbnRcL3VwbG9hZHNcLzIwMjBcLzA2XC9Gb3JtYXRpb25zLXRyYW5zdmVyc2VzLnBkZiIsInBkZl9wYWdlcyI6IjI1IiwicGFnZXNfY3VzdG9taXphdGlvbiI6Im5vbmUifSwidGh1bWJuYWlsIjp7ImRhdGEiOnsicG9zdF9JRCI6IjAifSwidHlwZSI6ImF1dG8ifSwicHJvcHMiOnsiaGVpZ2h0IjoiYXV0byIsIndpZHRoIjoiYXV0byIsImdyYXZpdHkiOiJhdXRvIiwiY2FjaGVkUGFnZXMiOiJhdXRvIiwicmVuZGVySW5hY3RpdmVQYWdlcyI6ImF1dG8iLCJyZW5kZXJJbmFjdGl2ZVBhZ2VzT25Nb2JpbGUiOiJhdXRvIiwicmVuZGVyV2hpbGVGbGlwcGluZyI6ImF1dG8iLCJwYWdlc0ZvclByZWRpY3RpbmciOiJhdXRvIiwicHJlbG9hZFBhZ2VzIjoiYXV0byIsInJ0bCI6ImF1dG8iLCJzaGVldCI6eyJzdGFydFZlbG9jaXR5IjoiYXV0byIsImNvcm5lckRldmlhdGlvbiI6ImF1dG8iLCJmbGV4aWJpbGl0eSI6ImF1dG8iLCJmbGV4aWJsZUNvcm5lciI6ImF1dG8iLCJiZW5kaW5nIjoiYXV0byIsIndhdmUiOiJhdXRvIiwid2lkdGhUZXhlbHMiOiJhdXRvIiwiaGVpZ2h0VGV4ZWxzIjoiYXV0byIsImNvbG9yIjoiYXV0byJ9LCJjb3ZlciI6eyJzdGFydFZlbG9jaXR5IjoiYXV0byIsImZsZXhpYmlsaXR5IjoiYXV0byIsImZsZXhpYmxlQ29ybmVyIjoiYXV0byIsImJlbmRpbmciOiJhdXRvIiwid2F2ZSI6ImF1dG8iLCJ3aWR0aFRleGVscyI6ImF1dG8iLCJoZWlnaHRUZXhlbHMiOiJhdXRvIiwiY29sb3IiOiJhdXRvIiwiYmluZGVyVGV4dHVyZSI6ImF1dG8iLCJkZXB0aCI6ImF1dG8iLCJwYWRkaW5nIjoiYXV0byIsIm1hc3MiOiJhdXRvIn0sInBhZ2UiOnsic3RhcnRWZWxvY2l0eSI6ImF1dG8iLCJmbGV4aWJpbGl0eSI6ImF1dG8iLCJmbGV4aWJsZUNvcm5lciI6ImF1dG8iLCJiZW5kaW5nIjoiYXV0byIsIndhdmUiOiJhdXRvIiwid2lkdGhUZXhlbHMiOiJhdXRvIiwiaGVpZ2h0VGV4ZWxzIjoiYXV0byIsImNvbG9yIjoiYXV0byIsImRlcHRoIjoiYXV0byIsIm1hc3MiOiJhdXRvIn19LCJjb250cm9sUHJvcHMiOnsiYWN0aW9ucyI6eyJjbWRTYXZlIjp7ImVuYWJsZWQiOiJhdXRvIn0sImNtZFByaW50Ijp7ImVuYWJsZWQiOiJhdXRvIn0sImNtZFNpbmdsZVBhZ2UiOnsiZW5hYmxlZCI6ImF1dG8iLCJhY3RpdmUiOiJhdXRvIn19fSwiYXV0b1RodW1ibmFpbCI6bnVsbCwicG9zdF9uYW1lIjoiZm9ybWF0aW9uLWZvcm1hdGlvbnMtdHJhbnN2ZXJzZXMiLCJwb3N0X3R5cGUiOiIzZC1mbGlwLWJvb2sifX0sInBhZ2VzIjpbXSwiZmlyc3RQYWdlcyI6W119');window.FB3D_CLIENT_LOCALE && FB3D_CLIENT_LOCALE.render && FB3D_CLIENT_LOCALE.render();<\/script><\/div><\/blockquote><\/figure>\n","protected":false},"excerpt":{"rendered":"<p>Les formations transverses permettent aux stagiaires de manager individuellement leurs collaborateurs (feedback, \u00e9coute, motivation\u2026), d\u2019animer et diriger leurs \u00e9quipes (choix des priorit\u00e9s, coop\u00e9ration, r\u00e9unions, n\u00e9gociations\u2026), \u00eatre un relais entre la direction et les agents (communication de la strat\u00e9gie\u2026), g\u00e9rer les situations difficiles (recadrage, stress, conflits\u2026) mais aussi clarifier et affermir sa position de manager au<\/p>\n","protected":false},"author":3,"featured_media":0,"parent":0,"menu_order":9,"comment_status":"closed","ping_status":"closed","template":"page-templates\/template-left-sidebar.php","meta":{"footnotes":""},"yst_prominent_words":[96,572,34,86,83,25,43,1195,97,553,1040,95,28,88,33,566,1196,82,81],"class_list":["post-3346","page","type-page","status-publish","hentry"],"aioseo_notices":[],"_links":{"self":[{"href":"https:\/\/www.iff-ma.com\/en\/wp-json\/wp\/v2\/pages\/3346","targetHints":{"allow":["GET"]}}],"collection":[{"href":"https:\/\/www.iff-ma.com\/en\/wp-json\/wp\/v2\/pages"}],"about":[{"href":"https:\/\/www.iff-ma.com\/en\/wp-json\/wp\/v2\/types\/page"}],"author":[{"embeddable":true,"href":"https:\/\/www.iff-ma.com\/en\/wp-json\/wp\/v2\/users\/3"}],"replies":[{"embeddable":true,"href":"https:\/\/www.iff-ma.com\/en\/wp-json\/wp\/v2\/comments?post=3346"}],"version-history":[{"count":1,"href":"https:\/\/www.iff-ma.com\/en\/wp-json\/wp\/v2\/pages\/3346\/revisions"}],"predecessor-version":[{"id":3784,"href":"https:\/\/www.iff-ma.com\/en\/wp-json\/wp\/v2\/pages\/3346\/revisions\/3784"}],"wp:attachment":[{"href":"https:\/\/www.iff-ma.com\/en\/wp-json\/wp\/v2\/media?parent=3346"}],"wp:term":[{"taxonomy":"yst_prominent_words","embeddable":true,"href":"https:\/\/www.iff-ma.com\/en\/wp-json\/wp\/v2\/yst_prominent_words?post=3346"}],"curies":[{"name":"wp","href":"https:\/\/api.w.org\/{rel}","templated":true}]}}