{"id":3345,"date":"2016-12-28T14:56:27","date_gmt":"2016-12-28T13:56:27","guid":{"rendered":"http:\/\/localhost:8888\/iff?page_id=3345"},"modified":"2016-12-28T14:56:27","modified_gmt":"2016-12-28T13:56:27","slug":"formations","status":"publish","type":"page","link":"https:\/\/www.iff-ma.com\/en\/formations\/","title":{"rendered":"Formations"},"content":{"rendered":"<p>Vous trouverez ci-apr\u00e8s la liste de toutes nos formations :<\/p>\n<ul class=\"child-sidebar-menu\">\n<li class=\"page_item page-item-195\"><a href=\"http:\/\/www.iff-ma.com\/?page_id=195\">Commercial, service aux voyageurs<\/a><\/li>\n<li class=\"page_item page-item-202\"><a href=\"http:\/\/www.iff-ma.com\/?page_id=202\">Fret- Logistique<\/a><\/li>\n<li class=\"page_item page-item-212\"><a href=\"http:\/\/www.iff-ma.com\/?page_id=212\">B\u00e2timent, gares et patrimoine<\/a><\/li>\n<li class=\"page_item page-item-222\"><a href=\"http:\/\/www.iff-ma.com\/?page_id=222\">Mat\u00e9riel roulant<\/a><\/li>\n<li class=\"page_item page-item-223\"><a href=\"http:\/\/www.iff-ma.com\/?page_id=223\">Traction \u2013 conduite<\/a><\/li>\n<li class=\"page_item page-item-243\"><a href=\"http:\/\/www.iff-ma.com\/?page_id=243\">Infrastructure maintenance et travaux<\/a><\/li>\n<li class=\"page_item page-item-245\"><a href=\"http:\/\/www.iff-ma.com\/?page_id=245\">Infrastructure circulation<\/a><\/li>\n<li class=\"page_item page-item-247\"><a href=\"http:\/\/www.iff-ma.com\/?page_id=247\">Management de projet<\/a><\/li>\n<li class=\"page_item page-item-249\"><a href=\"http:\/\/www.iff-ma.com\/?page_id=249\">Formations transverses<\/a><\/li>\n<\/ul>\n","protected":false},"excerpt":{"rendered":"<p>Vous trouverez ci-apr\u00e8s la liste de toutes nos formations : Commercial, service aux voyageurs Fret- Logistique B\u00e2timent, gares et patrimoine Mat\u00e9riel roulant Traction \u2013 conduite Infrastructure maintenance et travaux Infrastructure circulation Management de projet Formations transverses<\/p>\n","protected":false},"author":3,"featured_media":0,"parent":0,"menu_order":0,"comment_status":"closed","ping_status":"closed","template":"page-templates\/template-left-sidebar.php","meta":{"footnotes":""},"yst_prominent_words":[],"class_list":["post-3345","page","type-page","status-publish","hentry"],"aioseo_notices":[],"_links":{"self":[{"href":"https:\/\/www.iff-ma.com\/en\/wp-json\/wp\/v2\/pages\/3345","targetHints":{"allow":["GET"]}}],"collection":[{"href":"https:\/\/www.iff-ma.com\/en\/wp-json\/wp\/v2\/pages"}],"about":[{"href":"https:\/\/www.iff-ma.com\/en\/wp-json\/wp\/v2\/types\/page"}],"author":[{"embeddable":true,"href":"https:\/\/www.iff-ma.com\/en\/wp-json\/wp\/v2\/users\/3"}],"replies":[{"embeddable":true,"href":"https:\/\/www.iff-ma.com\/en\/wp-json\/wp\/v2\/comments?post=3345"}],"version-history":[{"count":0,"href":"https:\/\/www.iff-ma.com\/en\/wp-json\/wp\/v2\/pages\/3345\/revisions"}],"wp:attachment":[{"href":"https:\/\/www.iff-ma.com\/en\/wp-json\/wp\/v2\/media?parent=3345"}],"wp:term":[{"taxonomy":"yst_prominent_words","embeddable":true,"href":"https:\/\/www.iff-ma.com\/en\/wp-json\/wp\/v2\/yst_prominent_words?post=3345"}],"curies":[{"name":"wp","href":"https:\/\/api.w.org\/{rel}","templated":true}]}}