{"id":3319,"date":"2016-12-28T15:41:21","date_gmt":"2016-12-28T14:41:21","guid":{"rendered":"http:\/\/localhost:8888\/iff?page_id=3319"},"modified":"2016-12-28T15:41:21","modified_gmt":"2016-12-28T14:41:21","slug":"facilites-offertes","status":"publish","type":"page","link":"https:\/\/www.iff-ma.com\/en\/facilites-offertes\/","title":{"rendered":"Facilit\u00e9s offertes"},"content":{"rendered":"<p>L\u2019IFF dispose d\u2019infrastructures modernes pour accueillir ses stagiaires :<\/p>\n<p><strong>Restaurant<\/strong><\/p>\n<p>Un restaurant self-service qui offre aux stagiaires des repas \u00e9quilibr\u00e9s plus pr\u00e8s de leur lieu de formation. Les repas servis aux stagiaires sont vari\u00e9s (cuisine marocaine et europ\u00e9enne), chaque jour ils ont le choix entre 2 entr\u00e9es, 2 plats ainsi qu\u2019une vari\u00e9t\u00e9 de desserts.<br \/>\nDes distributeurs de caf\u00e9 sont mis \u00e9galement \u00e0 la disposition des apprenants.<\/p>\n<p><strong>Espace de vie <\/strong><\/p>\n<p>L\u2019IFF dispose d\u2019un espace lumineux propice \u00e0 l\u2019\u00e9change et \u00e0 l\u2019apprentissage.<\/p>\n<p><strong>Connexion internet<\/strong><\/p>\n<p>Les stagiaires peuvent se connecter \u00e0 tout moment au r\u00e9seau wifi offert par l\u2019IFF.<\/p>\n<div class=\"custom-button-guide\"><a href=\"http:\/\/www.iff-ma.com\/?page_id=585\">Guides stagiaires SNCF et ONCF <i class=\"fa fa-arrow-right\" aria-hidden=\"true\"><\/i><\/a><\/div>\n","protected":false},"excerpt":{"rendered":"<p>L\u2019IFF dispose d\u2019infrastructures modernes pour accueillir ses stagiaires : Restaurant Un restaurant self-service qui offre aux stagiaires des repas \u00e9quilibr\u00e9s plus pr\u00e8s de leur lieu de formation. Les repas servis aux stagiaires sont vari\u00e9s (cuisine marocaine et europ\u00e9enne), chaque jour ils ont le choix entre 2 entr\u00e9es, 2 plats ainsi qu\u2019une vari\u00e9t\u00e9 de desserts. Des<\/p>\n","protected":false},"author":3,"featured_media":0,"parent":0,"menu_order":0,"comment_status":"closed","ping_status":"closed","template":"page-templates\/template-left-sidebar.php","meta":{"footnotes":""},"yst_prominent_words":[],"class_list":["post-3319","page","type-page","status-publish","hentry"],"aioseo_notices":[],"_links":{"self":[{"href":"https:\/\/www.iff-ma.com\/en\/wp-json\/wp\/v2\/pages\/3319","targetHints":{"allow":["GET"]}}],"collection":[{"href":"https:\/\/www.iff-ma.com\/en\/wp-json\/wp\/v2\/pages"}],"about":[{"href":"https:\/\/www.iff-ma.com\/en\/wp-json\/wp\/v2\/types\/page"}],"author":[{"embeddable":true,"href":"https:\/\/www.iff-ma.com\/en\/wp-json\/wp\/v2\/users\/3"}],"replies":[{"embeddable":true,"href":"https:\/\/www.iff-ma.com\/en\/wp-json\/wp\/v2\/comments?post=3319"}],"version-history":[{"count":0,"href":"https:\/\/www.iff-ma.com\/en\/wp-json\/wp\/v2\/pages\/3319\/revisions"}],"wp:attachment":[{"href":"https:\/\/www.iff-ma.com\/en\/wp-json\/wp\/v2\/media?parent=3319"}],"wp:term":[{"taxonomy":"yst_prominent_words","embeddable":true,"href":"https:\/\/www.iff-ma.com\/en\/wp-json\/wp\/v2\/yst_prominent_words?post=3319"}],"curies":[{"name":"wp","href":"https:\/\/api.w.org\/{rel}","templated":true}]}}