{"id":3296,"date":"2016-12-28T16:49:36","date_gmt":"2016-12-28T15:49:36","guid":{"rendered":"http:\/\/localhost:8888\/iff?page_id=3296"},"modified":"2016-12-28T16:49:36","modified_gmt":"2016-12-28T15:49:36","slug":"infrastructure-circulation","status":"publish","type":"page","link":"https:\/\/www.iff-ma.com\/en\/infrastructure-circulation\/","title":{"rendered":"Circulation des trains"},"content":{"rendered":"<p>Cet ensemble de modules de formations compos\u00e9 de module d\u2019initiation et de professionnalisation, a pour objectifs d\u2019initier les stagiaires \u00e0 la circulation ferroviaire \u00e0 commencer par les r\u00e8gles de la s\u00e9curit\u00e9 des circulations, abord\u00e9es dans divers modules de base et d\u2019aborder le management de la s\u00e9curit\u00e9 et d\u2019appr\u00e9hender le retour d\u2019exp\u00e9rience.<\/p>\n<p>La p\u00e9dagogie adopt\u00e9e repose sur des apports th\u00e9oriques, avec exercices pratiques sur simulateur et\/ou en r\u00e9alit\u00e9 virtuelle.<\/p>\n<p>Les visites sur le terrain compl\u00e8tent l\u2019enseignement.<\/p>\n\n\n<figure class=\"wp-block-image size-large\"><a href=\"http:\/\/www.iff-ma.com\/wp-content\/uploads\/2020\/04\/circulation_image.jpg\" rel=\"prettyphoto\"><img loading=\"lazy\" decoding=\"async\" width=\"1024\" height=\"640\" src=\"http:\/\/www.iff-ma.com\/wp-content\/uploads\/2020\/04\/circulation_image.jpg\" alt=\"\" class=\"wp-image-2709\" srcset=\"https:\/\/www.iff-ma.com\/wp-content\/uploads\/2020\/04\/circulation_image.jpg 1024w, https:\/\/www.iff-ma.com\/wp-content\/uploads\/2020\/04\/circulation_image-300x188.jpg 300w, https:\/\/www.iff-ma.com\/wp-content\/uploads\/2020\/04\/circulation_image-768x480.jpg 768w, https:\/\/www.iff-ma.com\/wp-content\/uploads\/2020\/04\/circulation_image-100x63.jpg 100w\" sizes=\"auto, (max-width: 1024px) 100vw, 1024px\" \/><\/a><\/figure>\n\n\n\n<hr class=\"wp-block-separator\"\/>\n\n\n\n<figure class=\"wp-block-table\"><table><tbody><tr><td>IFF CI\/IM01 BIS<\/td><td>Formation des agents de mouvement \u2013 AMV<\/td><td class=\"has-text-align-center\" data-align=\"center\" width=\"100\"><a href=\"http:\/\/www.iff-ma.com\/wp-content\/uploads\/2020\/05\/IFF-CIIM01-BIS.pdf\" target=\"_blank\" aria-label=\"Voir la fiche (opens in a new tab)\" rel=\"noreferrer noopener\" class=\"aioseop-link\">Voir la fiche<\/a><\/td><\/tr><tr><td>IFF CI\/IM02<\/td><td>R\u00e8gles de s\u00e9curit\u00e9 sur les lignes \u00e0 plusieurs voies banalis\u00e9es<\/td><td class=\"has-text-align-center\" data-align=\"center\"><a href=\"http:\/\/www.iff-ma.com\/wp-content\/uploads\/2020\/05\/IFF-CIIM-02.pdf\" target=\"_blank\" aria-label=\"Voir la fiche (opens in a new tab)\" rel=\"noreferrer noopener\" class=\"aioseop-link\">Voir la fiche<\/a><\/td><\/tr><tr><td>IFF CI01<\/td><td>Maintien de comp\u00e9tences pour les techniciens et agents de ma\u00eetrise circulation<\/td><td class=\"has-text-align-center\" data-align=\"center\"><a href=\"http:\/\/www.iff-ma.com\/wp-content\/uploads\/2020\/05\/IFF-CI01.pdf\" target=\"_blank\" aria-label=\"Voir la fiche (opens in a new tab)\" rel=\"noreferrer noopener\" class=\"aioseop-link\">Voir la fiche<\/a><\/td><\/tr><tr><td>IFF CI01-1<\/td><td>Maintien de comp\u00e9tences pour les techniciens et agents de ma\u00eetrise circulation<\/td><td class=\"has-text-align-center\" data-align=\"center\"><a href=\"http:\/\/www.iff-ma.com\/wp-content\/uploads\/2020\/05\/IFF-CI01-1.pdf\" target=\"_blank\" aria-label=\"Voir la fiche (opens in a new tab)\" rel=\"noreferrer noopener\" class=\"aioseop-link\">Voir la fiche<\/a><\/td><\/tr><tr><td>IFF CI02<\/td><td>Perfectionnement des dirigeants circulation de proximit\u00e9<\/td><td class=\"has-text-align-center\" data-align=\"center\"><a href=\"http:\/\/www.iff-ma.com\/wp-content\/uploads\/2020\/05\/IFF-CI02.pdf\" target=\"_blank\" aria-label=\"Voir la fiche (opens in a new tab)\" rel=\"noreferrer noopener\" class=\"aioseop-link\">Voir la fiche<\/a><\/td><\/tr><tr><td>IFF CI02-1<\/td><td>Perfectionnement des cadres dirigeants circulation<\/td><td class=\"has-text-align-center\" data-align=\"center\"><a href=\"http:\/\/www.iff-ma.com\/wp-content\/uploads\/2020\/05\/IFF-CI02-1-1.pdf\" class=\"wp-block-file__button\" target=\"_blank\" rel=\"noopener noreferrer\">Voir la fiche<\/a><\/td><\/tr><tr><td>IFF CI03<\/td><td>Retour d\u2019exp\u00e9rience pour les techniciens et agents de ma\u00eetrise de circulation<\/td><td class=\"has-text-align-center\" data-align=\"center\"><a href=\"http:\/\/www.iff-ma.com\/wp-content\/uploads\/2020\/05\/IFF-CI03.pdf\" target=\"_blank\" aria-label=\"Voir la fiche (opens in a new tab)\" rel=\"noreferrer noopener\" class=\"aioseop-link\">Voir la fiche<\/a><\/td><\/tr><tr><td>IFF CI04<\/td><td>Retour d\u2019exp\u00e9rience des dirigeants circulation de proximit\u00e9<\/td><td class=\"has-text-align-center\" data-align=\"center\"><a href=\"http:\/\/www.iff-ma.com\/wp-content\/uploads\/2020\/05\/IFF-CI04.pdf\" target=\"_blank\" rel=\"noopener noreferrer\">Voir la fiche<\/a><\/td><\/tr><tr><td>IFF CI05<\/td><td>Management de la s\u00e9curit\u00e9 &#8211; Contr\u00f4le de niveau 1 des op\u00e9rateurs circulation et tra\u00e7abilit\u00e9<\/td><td class=\"has-text-align-center\" data-align=\"center\"><a href=\"http:\/\/www.iff-ma.com\/wp-content\/uploads\/2020\/05\/IFF-CI05.pdf\" target=\"_blank\" rel=\"noopener noreferrer\">Voir la fiche<\/a><\/td><\/tr><tr><td>IFF CI06<\/td><td>Cours inspecteurs circulation<\/td><td class=\"has-text-align-center\" data-align=\"center\"><a href=\"http:\/\/www.iff-ma.com\/wp-content\/uploads\/2020\/05\/IFF-CI06.pdf\" target=\"_blank\" rel=\"noopener noreferrer\">Voir la fiche<\/a><\/td><\/tr><tr><td>IFF CI07 A <\/td><td>Formation chef de s\u00e9curit\u00e9 ( r\u00e8gles g\u00e9n\u00e9rales de circulation train)<\/td><td class=\"has-text-align-center\" data-align=\"center\"><a href=\"http:\/\/www.iff-ma.com\/wp-content\/uploads\/2020\/05\/IFF-CI07-A.pdf\" target=\"_blank\" rel=\"noopener noreferrer\">Voir la fiche<\/a><\/td><\/tr><tr><td>IFF CI07 B<\/td><td>Utilisation Des Installations De S\u00e9curit\u00e9 (UIS) \u2013 Poste Unifi\u00e9 Et Serrures Centrales (PUSC)<\/td><td class=\"has-text-align-center\" data-align=\"center\"><a href=\"http:\/\/www.iff-ma.com\/wp-content\/uploads\/2020\/05\/IFF-CI07-B.pdf\" target=\"_blank\" rel=\"noopener noreferrer\">Voir la fiche<\/a><\/td><\/tr><tr><td>IFF CI07 C <\/td><td>Utilisation Des Installations De S\u00e9curit\u00e9 (UIS) \u2013 Poste Electrom\u00e9canique Et \u00c9lectrique (PEE)<\/td><td class=\"has-text-align-center\" data-align=\"center\"><a href=\"http:\/\/www.iff-ma.com\/wp-content\/uploads\/2020\/05\/IFF-CI07-C.pdf\" target=\"_blank\" rel=\"noopener noreferrer\">Voir la fiche<\/a><\/td><\/tr><tr><td>IFF CI07 D<\/td><td>Utilisation Des Installations De S\u00e9curit\u00e9 (UIS) \u2013 Poste Aiguillage Informatique (PAI)<\/td><td class=\"has-text-align-center\" data-align=\"center\"><a href=\"http:\/\/www.iff-ma.com\/wp-content\/uploads\/2020\/05\/IFF-CI07-D.pdf\" target=\"_blank\" rel=\"noopener noreferrer\">Voir la fiche<\/a><\/td><\/tr><\/tbody><\/table><\/figure>\n\n\n\n<figure class=\"wp-block-pullquote\"><blockquote><div class=\"wp-block-file iff_btn\">T\u00e9l\u00e9charger le catalogue Circulation des trains<br><br><br><div class=\"_3d-flip-book  fb3d-thumbnail-lightbox-mode\" data-id=\"3080\" data-mode=\"thumbnail-lightbox\" data-title=\"false\" data-template=\"short-white-book-view\" data-lightbox=\"dark\" data-urlparam=\"fb3d-page\" data-page-n=\"0\" data-pdf=\"\" data-tax=\"null\" data-thumbnail=\"\" data-cols=\"3\" data-book-template=\"default\" data-trigger=\"\"><\/div><script type=\"text\/javascript\">window.FB3D_CLIENT_DATA = window.FB3D_CLIENT_DATA || [];FB3D_CLIENT_DATA.push('eyJwb3N0cyI6eyI0MDQyIjp7IklEIjo0MDQyLCJ0aXRsZSI6IkZvcm1hdGlvbiAtIENpcmN1bGF0aW9uIGRlcyB0cmFpbnMiLCJ0eXBlIjoicGRmIiwicmVhZHlfZnVuY3Rpb24iOiIiLCJib29rX3N0eWxlIjoidm9sdW1lIiwiYm9va190ZW1wbGF0ZSI6Im5vbmUiLCJvdXRsaW5lIjpbXSwiZGF0YSI6eyJwb3N0X0lEIjoiNDA0MyIsImd1aWQiOiJodHRwOlwvXC93d3cuaWZmLW1hLmNvbVwvd3AtY29udGVudFwvdXBsb2Fkc1wvMjAyMFwvMDVcL2NpcmN1bGF0aW9uX2Rlc190cmFpbnMtMS5wZGYiLCJwZGZfcGFnZXMiOiIyOCIsInBhZ2VzX2N1c3RvbWl6YXRpb24iOiJub25lIn0sInRodW1ibmFpbCI6eyJkYXRhIjp7InBvc3RfSUQiOiIwIn0sInR5cGUiOiJhdXRvIn0sInByb3BzIjp7ImhlaWdodCI6ImF1dG8iLCJ3aWR0aCI6ImF1dG8iLCJncmF2aXR5IjoiYXV0byIsImNhY2hlZFBhZ2VzIjoiYXV0byIsInJlbmRlckluYWN0aXZlUGFnZXMiOiJhdXRvIiwicmVuZGVySW5hY3RpdmVQYWdlc09uTW9iaWxlIjoiYXV0byIsInJlbmRlcldoaWxlRmxpcHBpbmciOiJhdXRvIiwicGFnZXNGb3JQcmVkaWN0aW5nIjoiYXV0byIsInByZWxvYWRQYWdlcyI6ImF1dG8iLCJydGwiOiJhdXRvIiwic2hlZXQiOnsic3RhcnRWZWxvY2l0eSI6ImF1dG8iLCJjb3JuZXJEZXZpYXRpb24iOiJhdXRvIiwiZmxleGliaWxpdHkiOiJhdXRvIiwiZmxleGlibGVDb3JuZXIiOiJhdXRvIiwiYmVuZGluZyI6ImF1dG8iLCJ3YXZlIjoiYXV0byIsIndpZHRoVGV4ZWxzIjoiYXV0byIsImhlaWdodFRleGVscyI6ImF1dG8iLCJjb2xvciI6ImF1dG8ifSwiY292ZXIiOnsic3RhcnRWZWxvY2l0eSI6ImF1dG8iLCJmbGV4aWJpbGl0eSI6ImF1dG8iLCJmbGV4aWJsZUNvcm5lciI6ImF1dG8iLCJiZW5kaW5nIjoiYXV0byIsIndhdmUiOiJhdXRvIiwid2lkdGhUZXhlbHMiOiJhdXRvIiwiaGVpZ2h0VGV4ZWxzIjoiYXV0byIsImNvbG9yIjoiYXV0byIsImJpbmRlclRleHR1cmUiOiJhdXRvIiwiZGVwdGgiOiJhdXRvIiwicGFkZGluZyI6ImF1dG8iLCJtYXNzIjoiYXV0byJ9LCJwYWdlIjp7InN0YXJ0VmVsb2NpdHkiOiJhdXRvIiwiZmxleGliaWxpdHkiOiJhdXRvIiwiZmxleGlibGVDb3JuZXIiOiJhdXRvIiwiYmVuZGluZyI6ImF1dG8iLCJ3YXZlIjoiYXV0byIsIndpZHRoVGV4ZWxzIjoiYXV0byIsImhlaWdodFRleGVscyI6ImF1dG8iLCJjb2xvciI6ImF1dG8iLCJkZXB0aCI6ImF1dG8iLCJtYXNzIjoiYXV0byJ9fSwiY29udHJvbFByb3BzIjp7ImFjdGlvbnMiOnsiY21kU2F2ZSI6eyJlbmFibGVkIjoiYXV0byJ9LCJjbWRQcmludCI6eyJlbmFibGVkIjoiYXV0byJ9LCJjbWRTaW5nbGVQYWdlIjp7ImVuYWJsZWQiOiJhdXRvIiwiYWN0aXZlIjoiYXV0byJ9fX0sImF1dG9UaHVtYm5haWwiOm51bGwsInBvc3RfbmFtZSI6ImZvcm1hdGlvbi1jaXJjdWxhdGlvbi1kZXMtdHJhaW5zIiwicG9zdF90eXBlIjoiM2QtZmxpcC1ib29rIn19LCJwYWdlcyI6W10sImZpcnN0UGFnZXMiOltdfQ==');window.FB3D_CLIENT_LOCALE && FB3D_CLIENT_LOCALE.render && FB3D_CLIENT_LOCALE.render();<\/script><\/div><\/blockquote><\/figure>\n\n\n\n\n\n<p><\/p>\n","protected":false},"excerpt":{"rendered":"<p>Cet ensemble de modules de formations compos\u00e9 de module d\u2019initiation et de professionnalisation, a pour objectifs d\u2019initier les stagiaires \u00e0 la circulation ferroviaire \u00e0 commencer par les r\u00e8gles de la s\u00e9curit\u00e9 des circulations, abord\u00e9es dans divers modules de base et d\u2019aborder le management de la s\u00e9curit\u00e9 et d\u2019appr\u00e9hender le retour d\u2019exp\u00e9rience. La p\u00e9dagogie adopt\u00e9e repose<\/p>\n","protected":false},"author":3,"featured_media":0,"parent":0,"menu_order":1,"comment_status":"closed","ping_status":"closed","template":"page-templates\/template-left-sidebar.php","meta":{"footnotes":""},"yst_prominent_words":[],"class_list":["post-3296","page","type-page","status-publish","hentry"],"aioseo_notices":[],"_links":{"self":[{"href":"https:\/\/www.iff-ma.com\/en\/wp-json\/wp\/v2\/pages\/3296","targetHints":{"allow":["GET"]}}],"collection":[{"href":"https:\/\/www.iff-ma.com\/en\/wp-json\/wp\/v2\/pages"}],"about":[{"href":"https:\/\/www.iff-ma.com\/en\/wp-json\/wp\/v2\/types\/page"}],"author":[{"embeddable":true,"href":"https:\/\/www.iff-ma.com\/en\/wp-json\/wp\/v2\/users\/3"}],"replies":[{"embeddable":true,"href":"https:\/\/www.iff-ma.com\/en\/wp-json\/wp\/v2\/comments?post=3296"}],"version-history":[{"count":0,"href":"https:\/\/www.iff-ma.com\/en\/wp-json\/wp\/v2\/pages\/3296\/revisions"}],"wp:attachment":[{"href":"https:\/\/www.iff-ma.com\/en\/wp-json\/wp\/v2\/media?parent=3296"}],"wp:term":[{"taxonomy":"yst_prominent_words","embeddable":true,"href":"https:\/\/www.iff-ma.com\/en\/wp-json\/wp\/v2\/yst_prominent_words?post=3296"}],"curies":[{"name":"wp","href":"https:\/\/api.w.org\/{rel}","templated":true}]}}