{"id":3295,"date":"2016-12-28T15:42:24","date_gmt":"2016-12-28T14:42:24","guid":{"rendered":"http:\/\/localhost:8888\/iff?page_id=3295"},"modified":"2016-12-28T15:42:24","modified_gmt":"2016-12-28T14:42:24","slug":"capital-humain","status":"publish","type":"page","link":"https:\/\/www.iff-ma.com\/en\/capital-humain\/","title":{"rendered":"Capital humain"},"content":{"rendered":"<p><strong>60 Formateurs s\u00e9lectionn\u00e9s pour leur enthousiasme et leurs comp\u00e9tences<\/strong><\/p>\n<p>L\u2019IFF consacre 3 \u00e0 4 mois en moyenne \u00e0 la formation initiale de ses animateurs fran\u00e7ais et marocains et investit chaque ann\u00e9e dans leur formation continue. La formation se d\u00e9roule \u00e0 la fois en France et au Maroc afin de permettre \u00e0 chaque formateur de s\u2019immerger dans la culture ferroviaire qu\u2019il ne ma\u00eetrise pas et ainsi garantir l\u2019excellence de ces animateurs qui font par ailleurs partie des meilleurs sp\u00e9cialistes dans leur domaine.<\/p>\n<p><strong>Un r\u00e9seau d\u2019experts pour l\u2019ing\u00e9ni\u00e9rie p\u00e9dagogique et l\u2019appui aux formateurs<\/strong><\/p>\n<p>Pour assurer dans la dur\u00e9e la qualit\u00e9 et le haut niveau des formations dispens\u00e9es par l\u2019IFF, des r\u00e9f\u00e9rents m\u00e9tiers experts de SNCF et de l\u2019ONCF interviennent continuellement \u00e0 l\u2019IFF afin d\u2019\u00e9valuer la qualit\u00e9 et le contenu p\u00e9dagogique des formations. Ils assurent \u00e9galement le lien avec les lignes m\u00e9tiers des deux entreprises afin d\u2019identifier les besoins d\u2019\u00e9volution des contenus p\u00e9dagogiques et permettent ainsi un renouvellement continu des formations.<\/p>\n","protected":false},"excerpt":{"rendered":"<p>60 Formateurs s\u00e9lectionn\u00e9s pour leur enthousiasme et leurs comp\u00e9tences L\u2019IFF consacre 3 \u00e0 4 mois en moyenne \u00e0 la formation initiale de ses animateurs fran\u00e7ais et marocains et investit chaque ann\u00e9e dans leur formation continue. La formation se d\u00e9roule \u00e0 la fois en France et au Maroc afin de permettre \u00e0 chaque formateur de s\u2019immerger<\/p>\n","protected":false},"author":3,"featured_media":0,"parent":0,"menu_order":0,"comment_status":"closed","ping_status":"closed","template":"page-templates\/template-left-sidebar.php","meta":{"footnotes":""},"yst_prominent_words":[],"class_list":["post-3295","page","type-page","status-publish","hentry"],"aioseo_notices":[],"_links":{"self":[{"href":"https:\/\/www.iff-ma.com\/en\/wp-json\/wp\/v2\/pages\/3295","targetHints":{"allow":["GET"]}}],"collection":[{"href":"https:\/\/www.iff-ma.com\/en\/wp-json\/wp\/v2\/pages"}],"about":[{"href":"https:\/\/www.iff-ma.com\/en\/wp-json\/wp\/v2\/types\/page"}],"author":[{"embeddable":true,"href":"https:\/\/www.iff-ma.com\/en\/wp-json\/wp\/v2\/users\/3"}],"replies":[{"embeddable":true,"href":"https:\/\/www.iff-ma.com\/en\/wp-json\/wp\/v2\/comments?post=3295"}],"version-history":[{"count":0,"href":"https:\/\/www.iff-ma.com\/en\/wp-json\/wp\/v2\/pages\/3295\/revisions"}],"wp:attachment":[{"href":"https:\/\/www.iff-ma.com\/en\/wp-json\/wp\/v2\/media?parent=3295"}],"wp:term":[{"taxonomy":"yst_prominent_words","embeddable":true,"href":"https:\/\/www.iff-ma.com\/en\/wp-json\/wp\/v2\/yst_prominent_words?post=3295"}],"curies":[{"name":"wp","href":"https:\/\/api.w.org\/{rel}","templated":true}]}}