{"id":3291,"date":"2016-12-28T16:03:19","date_gmt":"2016-12-28T15:03:19","guid":{"rendered":"http:\/\/localhost:8888\/iff?page_id=3291"},"modified":"2020-05-29T08:09:07","modified_gmt":"2020-05-29T06:09:07","slug":"batiment-gares-et-patrimoine-3","status":"publish","type":"page","link":"https:\/\/www.iff-ma.com\/en\/batiment-gares-et-patrimoine-3\/","title":{"rendered":"Buildings and train stations"},"content":{"rendered":"<p>L\u2019objectif de ces diff\u00e9rentes formations est de piloter un projet de travaux b\u00e2timents en termes de qualit\u00e9, co\u00fbts et d\u00e9lais et de permettre aux stagiaires de conna\u00eetre les techniques et les r\u00e8gles de mise en \u0153uvre pour \u00e9viter des d\u00e9sordres ou des dysfonctionnements.<\/p>\n<p>La formation a aussi pour but d\u2019initier une analyse permettant d\u2019imaginer des solutions de r\u00e9parations, de ma\u00eetriser les principes et les outils du management de la qualit\u00e9 et de mettre en \u0153uvre les diff\u00e9rentes \u00e9tapes d\u2019une d\u00e9marche qualit\u00e9 sur site.<\/p>\n\n\n<figure class=\"wp-block-image size-large\"><img loading=\"lazy\" decoding=\"async\" width=\"1024\" height=\"683\" src=\"http:\/\/www.iff-ma.com\/wp-content\/uploads\/2018\/02\/1-1024x683.jpg\" alt=\"\" class=\"wp-image-1282\" srcset=\"https:\/\/www.iff-ma.com\/wp-content\/uploads\/2018\/02\/1-1024x683.jpg 1024w, https:\/\/www.iff-ma.com\/wp-content\/uploads\/2018\/02\/1-300x200.jpg 300w, https:\/\/www.iff-ma.com\/wp-content\/uploads\/2018\/02\/1-768x512.jpg 768w, https:\/\/www.iff-ma.com\/wp-content\/uploads\/2018\/02\/1-100x67.jpg 100w, https:\/\/www.iff-ma.com\/wp-content\/uploads\/2018\/02\/1-330x220.jpg 330w, https:\/\/www.iff-ma.com\/wp-content\/uploads\/2018\/02\/1-450x300.jpg 450w, https:\/\/www.iff-ma.com\/wp-content\/uploads\/2018\/02\/1.jpg 1200w\" sizes=\"auto, (max-width: 1024px) 100vw, 1024px\" \/><\/figure>\n\n\n\n<figure class=\"wp-block-table\"><table><tbody><tr><td>IFF&nbsp;VP01<\/td><td>Mise en qualit\u00e9 de la gare<\/td><td><a class=\"aioseop-link\" rel=\"prettyphoto\" download=\"\" href=\"http:\/\/www.iff-ma.com\/wp-content\/uploads\/2020\/05\/IFF-VP01-3.jpg\">Voir la fiche<\/a><\/td><\/tr><tr><td>IFF&nbsp;VP02&nbsp;&nbsp;<\/td><td>Pathologie du b\u00e2timent<\/td><td><a class=\"aioseop-link\" href=\"http:\/\/www.iff-ma.com\/wp-content\/uploads\/2020\/05\/IFF-VP02-3.jpg\" rel=\"prettyphoto\">Voir la fiche<\/a><\/td><\/tr><tr><td>IFF&nbsp;VP06<\/td><td>Connaissance en gros \u0153uvre et second \u0153uvre<\/td><td><a class=\"aioseop-link\" href=\"http:\/\/www.iff-ma.com\/wp-content\/uploads\/2020\/05\/IFF-VP06.jpg\" rel=\"prettyphoto\">Voir la fiche<\/a><\/td><\/tr><tr><td>IFF&nbsp;VP08<\/td><td>Organisation et suivi de chantier<\/td><td><a class=\"\" href=\"http:\/\/www.iff-ma.com\/wp-content\/uploads\/2020\/05\/IFF-VP08.jpg\" rel=\"prettyphoto\">Voir la fiche<\/a><\/td><\/tr><\/tbody><\/table><\/figure>\n\n\n\n<figure class=\"wp-block-pullquote\"><blockquote><div class=\"wp-block-file\">T\u00e9l\u00e9charger le catalogue B\u00e2timent, gares et patrimoine<br><br><br><div class=\"_3d-flip-book  fb3d-thumbnail-lightbox-mode\" data-id=\"3096\" data-mode=\"thumbnail-lightbox\" data-title=\"false\" data-template=\"short-white-book-view\" data-lightbox=\"dark\" data-urlparam=\"fb3d-page\" data-page-n=\"0\" data-pdf=\"\" data-tax=\"null\" data-thumbnail=\"\" data-cols=\"3\" data-book-template=\"default\" data-trigger=\"\"><\/div><script type=\"text\/javascript\">window.FB3D_CLIENT_DATA = window.FB3D_CLIENT_DATA || [];FB3D_CLIENT_DATA.push('eyJwb3N0cyI6eyI0MTMwIjp7IklEIjo0MTMwLCJ0aXRsZSI6IkZvcm1hdGlvbiAtIEJcdTAwZTJ0aW1lbnQgLCBnYXJlcyBldCBwYXRyaW1vaW5lIiwidHlwZSI6InBkZiIsInJlYWR5X2Z1bmN0aW9uIjoiIiwiYm9va19zdHlsZSI6InZvbHVtZSIsImJvb2tfdGVtcGxhdGUiOiJub25lIiwib3V0bGluZSI6W10sImRhdGEiOnsicG9zdF9JRCI6IjU4NTQiLCJndWlkIjoiaHR0cHM6XC9cL3d3dy5pZmYtbWEuY29tXC93cC1jb250ZW50XC91cGxvYWRzXC8yMDIxXC8wMlwvQnVpbGRpbmdzLVRyYWluLXN0YXRpb25zLUlGRi1DQVRBTE9HLTIwMjEtMS5wZGYiLCJwZGZfcGFnZXMiOiIxOCIsInBhZ2VzX2N1c3RvbWl6YXRpb24iOiJub25lIn0sInRodW1ibmFpbCI6eyJkYXRhIjp7InBvc3RfSUQiOiIwIn0sInR5cGUiOiJhdXRvIn0sInByb3BzIjp7ImhlaWdodCI6ImF1dG8iLCJ3aWR0aCI6ImF1dG8iLCJncmF2aXR5IjoiYXV0byIsImNhY2hlZFBhZ2VzIjoiYXV0byIsInJlbmRlckluYWN0aXZlUGFnZXMiOiJhdXRvIiwicmVuZGVySW5hY3RpdmVQYWdlc09uTW9iaWxlIjoiYXV0byIsInJlbmRlcldoaWxlRmxpcHBpbmciOiJhdXRvIiwicGFnZXNGb3JQcmVkaWN0aW5nIjoiYXV0byIsInByZWxvYWRQYWdlcyI6ImF1dG8iLCJydGwiOiJhdXRvIiwic2hlZXQiOnsic3RhcnRWZWxvY2l0eSI6ImF1dG8iLCJjb3JuZXJEZXZpYXRpb24iOiJhdXRvIiwiZmxleGliaWxpdHkiOiJhdXRvIiwiZmxleGlibGVDb3JuZXIiOiJhdXRvIiwiYmVuZGluZyI6ImF1dG8iLCJ3YXZlIjoiYXV0byIsIndpZHRoVGV4ZWxzIjoiYXV0byIsImhlaWdodFRleGVscyI6ImF1dG8iLCJjb2xvciI6ImF1dG8ifSwiY292ZXIiOnsic3RhcnRWZWxvY2l0eSI6ImF1dG8iLCJmbGV4aWJpbGl0eSI6ImF1dG8iLCJmbGV4aWJsZUNvcm5lciI6ImF1dG8iLCJiZW5kaW5nIjoiYXV0byIsIndhdmUiOiJhdXRvIiwid2lkdGhUZXhlbHMiOiJhdXRvIiwiaGVpZ2h0VGV4ZWxzIjoiYXV0byIsImNvbG9yIjoiYXV0byIsImJpbmRlclRleHR1cmUiOiJhdXRvIiwiZGVwdGgiOiJhdXRvIiwicGFkZGluZyI6ImF1dG8iLCJtYXNzIjoiYXV0byJ9LCJwYWdlIjp7InN0YXJ0VmVsb2NpdHkiOiJhdXRvIiwiZmxleGliaWxpdHkiOiJhdXRvIiwiZmxleGlibGVDb3JuZXIiOiJhdXRvIiwiYmVuZGluZyI6ImF1dG8iLCJ3YXZlIjoiYXV0byIsIndpZHRoVGV4ZWxzIjoiYXV0byIsImhlaWdodFRleGVscyI6ImF1dG8iLCJjb2xvciI6ImF1dG8iLCJkZXB0aCI6ImF1dG8iLCJtYXNzIjoiYXV0byJ9fSwiY29udHJvbFByb3BzIjp7ImFjdGlvbnMiOnsiY21kU2F2ZSI6eyJlbmFibGVkIjoiYXV0byJ9LCJjbWRQcmludCI6eyJlbmFibGVkIjoiYXV0byJ9LCJjbWRTaW5nbGVQYWdlIjp7ImVuYWJsZWQiOiJhdXRvIiwiYWN0aXZlIjoiYXV0byJ9fX0sImF1dG9UaHVtYm5haWwiOm51bGwsInBvc3RfbmFtZSI6ImZvcm1hdGlvbi1iYXRpbWVudC1nYXJlcy1ldC1wYXRyaW1vaW5lIiwicG9zdF90eXBlIjoiM2QtZmxpcC1ib29rIn19LCJwYWdlcyI6W10sImZpcnN0UGFnZXMiOltdfQ==');window.FB3D_CLIENT_LOCALE && FB3D_CLIENT_LOCALE.render && FB3D_CLIENT_LOCALE.render();<\/script><\/div><\/blockquote><\/figure>\n\n\n\n\n","protected":false},"excerpt":{"rendered":"<p>L\u2019objectif de ces diff\u00e9rentes formations est de piloter un projet de travaux b\u00e2timents en termes de qualit\u00e9, co\u00fbts et d\u00e9lais et de permettre aux stagiaires de conna\u00eetre les techniques et les r\u00e8gles de mise en \u0153uvre pour \u00e9viter des d\u00e9sordres ou des dysfonctionnements. La formation a aussi pour but d\u2019initier une analyse permettant d\u2019imaginer des<\/p>\n","protected":false},"author":3,"featured_media":0,"parent":0,"menu_order":7,"comment_status":"closed","ping_status":"closed","template":"page-templates\/template-left-sidebar.php","meta":{"footnotes":""},"yst_prominent_words":[1274,1268,1267,1270,1271,1273,1269,1266,1265,1272],"class_list":["post-3291","page","type-page","status-publish","hentry"],"aioseo_notices":[],"_links":{"self":[{"href":"https:\/\/www.iff-ma.com\/en\/wp-json\/wp\/v2\/pages\/3291","targetHints":{"allow":["GET"]}}],"collection":[{"href":"https:\/\/www.iff-ma.com\/en\/wp-json\/wp\/v2\/pages"}],"about":[{"href":"https:\/\/www.iff-ma.com\/en\/wp-json\/wp\/v2\/types\/page"}],"author":[{"embeddable":true,"href":"https:\/\/www.iff-ma.com\/en\/wp-json\/wp\/v2\/users\/3"}],"replies":[{"embeddable":true,"href":"https:\/\/www.iff-ma.com\/en\/wp-json\/wp\/v2\/comments?post=3291"}],"version-history":[{"count":1,"href":"https:\/\/www.iff-ma.com\/en\/wp-json\/wp\/v2\/pages\/3291\/revisions"}],"predecessor-version":[{"id":3781,"href":"https:\/\/www.iff-ma.com\/en\/wp-json\/wp\/v2\/pages\/3291\/revisions\/3781"}],"wp:attachment":[{"href":"https:\/\/www.iff-ma.com\/en\/wp-json\/wp\/v2\/media?parent=3291"}],"wp:term":[{"taxonomy":"yst_prominent_words","embeddable":true,"href":"https:\/\/www.iff-ma.com\/en\/wp-json\/wp\/v2\/yst_prominent_words?post=3291"}],"curies":[{"name":"wp","href":"https:\/\/api.w.org\/{rel}","templated":true}]}}