{"id":3288,"date":"2017-02-06T15:17:44","date_gmt":"2017-02-06T14:17:44","guid":{"rendered":"http:\/\/localhost:8888\/iff?page_id=3288"},"modified":"2017-02-06T15:17:44","modified_gmt":"2017-02-06T14:17:44","slug":"acces","status":"publish","type":"page","link":"https:\/\/www.iff-ma.com\/en\/acces\/","title":{"rendered":"Acc\u00e8s"},"content":{"rendered":"<p><img loading=\"lazy\" decoding=\"async\" width=\"300\" height=\"225\" class=\"size-medium wp-image-421 alignright\" src=\"http:\/\/www.iff-ma.com\/wp-content\/uploads\/2017\/02\/26379759--300x225.jpg\" alt=\"\" srcset=\"https:\/\/www.iff-ma.com\/wp-content\/uploads\/2017\/02\/26379759--300x225.jpg 300w, https:\/\/www.iff-ma.com\/wp-content\/uploads\/2017\/02\/26379759--768x576.jpg 768w, https:\/\/www.iff-ma.com\/wp-content\/uploads\/2017\/02\/26379759--1024x768.jpg 1024w, https:\/\/www.iff-ma.com\/wp-content\/uploads\/2017\/02\/26379759--100x75.jpg 100w, https:\/\/www.iff-ma.com\/wp-content\/uploads\/2017\/02\/26379759-.jpg 1200w\" sizes=\"auto, (max-width: 300px) 100vw, 300px\" \/>L\u2019IFF b\u00e9n\u00e9ficie d\u2019une situation g\u00e9ographique id\u00e9ale. Situ\u00e9 au c\u0153ur du quartier de l\u2019Agdal \u00e0 Rabat, l\u2019institut est \u00e0 5 min \u00e0 pieds de la gare ferroviaire de Rabat &#8211; Agdal.<br \/>\nLe quartier est \u00e9galement bien desservi par les transports en commun :<\/p>\n<ul>\n<li>Tramway, station Avenue de France<\/li>\n<li>Diverses lignes de bus<\/li>\n<li>Taxis<\/li>\n<\/ul>\n<p><img loading=\"lazy\" decoding=\"async\" width=\"600\" height=\"424\" class=\"size-full wp-image-426 aligncenter\" src=\"http:\/\/www.iff-ma.com\/wp-content\/uploads\/2017\/02\/Plan_Rabat-Sal\u00e9_Tramway-600x424.png\" alt=\"\" srcset=\"https:\/\/www.iff-ma.com\/wp-content\/uploads\/2017\/02\/Plan_Rabat-Sal\u00e9_Tramway-600x424.png 600w, https:\/\/www.iff-ma.com\/wp-content\/uploads\/2017\/02\/Plan_Rabat-Sal\u00e9_Tramway-600x424-300x212.png 300w, https:\/\/www.iff-ma.com\/wp-content\/uploads\/2017\/02\/Plan_Rabat-Sal\u00e9_Tramway-600x424-100x71.png 100w, https:\/\/www.iff-ma.com\/wp-content\/uploads\/2017\/02\/Plan_Rabat-Sal\u00e9_Tramway-600x424-73x52.png 73w\" sizes=\"auto, (max-width: 600px) 100vw, 600px\" \/><\/p>\n<p><iframe loading=\"lazy\" src=\"https:\/\/www.google.com\/maps\/embed?pb=!1m14!1m8!1m3!1d13231.211114645466!2d-6.8534596!3d33.9975992!3m2!1i1024!2i768!4f13.1!3m3!1m2!1s0x0%3A0x425ff3809905668f!2sIFF+%3A+Institut+de+formation+ferroviaire!5e0!3m2!1sfr!2s!4v1505352137189\" width=\"100%\" height=\"450\" frameborder=\"0\" style=\"border:0\" allowfullscreen><\/iframe><\/p>\n","protected":false},"excerpt":{"rendered":"<p>L\u2019IFF b\u00e9n\u00e9ficie d\u2019une situation g\u00e9ographique id\u00e9ale. Situ\u00e9 au c\u0153ur du quartier de l\u2019Agdal \u00e0 Rabat, l\u2019institut est \u00e0 5 min \u00e0 pieds de la gare ferroviaire de Rabat &#8211; Agdal. Le quartier est \u00e9galement bien desservi par les transports en commun : Tramway, station Avenue de France Diverses lignes de bus Taxis<\/p>\n","protected":false},"author":3,"featured_media":0,"parent":0,"menu_order":0,"comment_status":"closed","ping_status":"closed","template":"page-templates\/template-left-sidebar.php","meta":{"footnotes":""},"yst_prominent_words":[],"class_list":["post-3288","page","type-page","status-publish","hentry"],"aioseo_notices":[],"_links":{"self":[{"href":"https:\/\/www.iff-ma.com\/en\/wp-json\/wp\/v2\/pages\/3288","targetHints":{"allow":["GET"]}}],"collection":[{"href":"https:\/\/www.iff-ma.com\/en\/wp-json\/wp\/v2\/pages"}],"about":[{"href":"https:\/\/www.iff-ma.com\/en\/wp-json\/wp\/v2\/types\/page"}],"author":[{"embeddable":true,"href":"https:\/\/www.iff-ma.com\/en\/wp-json\/wp\/v2\/users\/3"}],"replies":[{"embeddable":true,"href":"https:\/\/www.iff-ma.com\/en\/wp-json\/wp\/v2\/comments?post=3288"}],"version-history":[{"count":0,"href":"https:\/\/www.iff-ma.com\/en\/wp-json\/wp\/v2\/pages\/3288\/revisions"}],"wp:attachment":[{"href":"https:\/\/www.iff-ma.com\/en\/wp-json\/wp\/v2\/media?parent=3288"}],"wp:term":[{"taxonomy":"yst_prominent_words","embeddable":true,"href":"https:\/\/www.iff-ma.com\/en\/wp-json\/wp\/v2\/yst_prominent_words?post=3288"}],"curies":[{"name":"wp","href":"https:\/\/api.w.org\/{rel}","templated":true}]}}